{"id":727,"date":"2023-10-27T12:45:42","date_gmt":"2023-10-27T10:45:42","guid":{"rendered":"https:\/\/www.missionssecours.com\/?post_type=product&#038;p=727"},"modified":"2023-10-27T13:37:58","modified_gmt":"2023-10-27T11:37:58","slug":"pion-helicoptere-dragon","status":"publish","type":"product","link":"https:\/\/www.missionssecours.com\/?product=pion-helicoptere-dragon","title":{"rendered":"Pion H\u00e9licopt\u00e8re DRAGON"},"content":{"rendered":"<p>Pion h\u00e9licopt\u00e8re de la s\u00e9curit\u00e9 Civile Dragon<\/p>\n<p>Imprimer \u00e0 l&rsquo;\u00e9chelle 70%<\/p>\n<p>\u00a9Usage personnel uniquement pour l&rsquo;usage des jeux de soci\u00e9t\u00e9 de la famille Missions Secours. Diffusion et reproduction interdite sans l&rsquo;accord \u00e9crit de Christophe CILLIER : missions.secours@gmail.com<\/p>\n","protected":false},"excerpt":{"rendered":"<p>Pion h\u00e9licopt\u00e8re de la s\u00e9curit\u00e9 Civile Dragon Imprimer \u00e0 l&rsquo;\u00e9chelle 70% \u00a9Usage personnel uniquement pour l&rsquo;usage des jeux de soci\u00e9t\u00e9 de la famille Missions Secours. Diffusion et reproduction interdite sans&hellip; <\/p>\n","protected":false},"featured_media":730,"comment_status":"closed","ping_status":"closed","template":"","meta":{"_sitemap_exclude":false,"_sitemap_priority":"","_sitemap_frequency":""},"product_brand":[],"product_cat":[18,25],"product_tag":[32,31],"class_list":{"0":"post-727","1":"product","2":"type-product","3":"status-publish","4":"has-post-thumbnail","6":"product_cat-fichier-3d","7":"product_cat-pions","8":"product_tag-helicoptere","9":"product_tag-vehicule","11":"first","12":"instock","13":"downloadable","14":"shipping-taxable","15":"product-type-simple"},"_links":{"self":[{"href":"https:\/\/www.missionssecours.com\/index.php?rest_route=\/wp\/v2\/product\/727","targetHints":{"allow":["GET"]}}],"collection":[{"href":"https:\/\/www.missionssecours.com\/index.php?rest_route=\/wp\/v2\/product"}],"about":[{"href":"https:\/\/www.missionssecours.com\/index.php?rest_route=\/wp\/v2\/types\/product"}],"replies":[{"embeddable":true,"href":"https:\/\/www.missionssecours.com\/index.php?rest_route=%2Fwp%2Fv2%2Fcomments&post=727"}],"wp:featuredmedia":[{"embeddable":true,"href":"https:\/\/www.missionssecours.com\/index.php?rest_route=\/wp\/v2\/media\/730"}],"wp:attachment":[{"href":"https:\/\/www.missionssecours.com\/index.php?rest_route=%2Fwp%2Fv2%2Fmedia&parent=727"}],"wp:term":[{"taxonomy":"product_brand","embeddable":true,"href":"https:\/\/www.missionssecours.com\/index.php?rest_route=%2Fwp%2Fv2%2Fproduct_brand&post=727"},{"taxonomy":"product_cat","embeddable":true,"href":"https:\/\/www.missionssecours.com\/index.php?rest_route=%2Fwp%2Fv2%2Fproduct_cat&post=727"},{"taxonomy":"product_tag","embeddable":true,"href":"https:\/\/www.missionssecours.com\/index.php?rest_route=%2Fwp%2Fv2%2Fproduct_tag&post=727"}],"curies":[{"name":"wp","href":"https:\/\/api.w.org\/{rel}","templated":true}]}}