{"id":715,"date":"2023-10-27T12:20:43","date_gmt":"2023-10-27T10:20:43","guid":{"rendered":"https:\/\/www.missionssecours.com\/?post_type=product&#038;p=715"},"modified":"2023-10-27T13:39:23","modified_gmt":"2023-10-27T11:39:23","slug":"pions-vehicule-pompier-ccf","status":"publish","type":"product","link":"https:\/\/www.missionssecours.com\/?product=pions-vehicule-pompier-ccf","title":{"rendered":"Pion V\u00e9hicule Pompier CCF"},"content":{"rendered":"<p>Pion v\u00e9hicule pompier Camion Citerne Feu de foret.<\/p>\n<p>Imprimer avec un ratio de 70%<\/p>\n<p>\u00a9Usage personnel uniquement pour l&rsquo;usage des jeux de soci\u00e9t\u00e9 de la famille Missions Secours. Diffusion et reproduction interdite sans l&rsquo;accord \u00e9crit de Christophe CILLIER : missions.secours@gmail.com<\/p>\n","protected":false},"excerpt":{"rendered":"<p>Pion v\u00e9hicule pompier Camion Citerne Feu de foret. Imprimer avec un ratio de 70% \u00a9Usage personnel uniquement pour l&rsquo;usage des jeux de soci\u00e9t\u00e9 de la famille Missions Secours. Diffusion et&hellip; <\/p>\n","protected":false},"featured_media":717,"comment_status":"closed","ping_status":"closed","template":"","meta":{"_sitemap_exclude":false,"_sitemap_priority":"","_sitemap_frequency":""},"product_brand":[],"product_cat":[18,25],"product_tag":[],"class_list":{"0":"post-715","1":"product","2":"type-product","3":"status-publish","4":"has-post-thumbnail","6":"product_cat-fichier-3d","7":"product_cat-pions","9":"first","10":"instock","11":"downloadable","12":"shipping-taxable","13":"product-type-simple"},"_links":{"self":[{"href":"https:\/\/www.missionssecours.com\/index.php?rest_route=\/wp\/v2\/product\/715","targetHints":{"allow":["GET"]}}],"collection":[{"href":"https:\/\/www.missionssecours.com\/index.php?rest_route=\/wp\/v2\/product"}],"about":[{"href":"https:\/\/www.missionssecours.com\/index.php?rest_route=\/wp\/v2\/types\/product"}],"replies":[{"embeddable":true,"href":"https:\/\/www.missionssecours.com\/index.php?rest_route=%2Fwp%2Fv2%2Fcomments&post=715"}],"wp:featuredmedia":[{"embeddable":true,"href":"https:\/\/www.missionssecours.com\/index.php?rest_route=\/wp\/v2\/media\/717"}],"wp:attachment":[{"href":"https:\/\/www.missionssecours.com\/index.php?rest_route=%2Fwp%2Fv2%2Fmedia&parent=715"}],"wp:term":[{"taxonomy":"product_brand","embeddable":true,"href":"https:\/\/www.missionssecours.com\/index.php?rest_route=%2Fwp%2Fv2%2Fproduct_brand&post=715"},{"taxonomy":"product_cat","embeddable":true,"href":"https:\/\/www.missionssecours.com\/index.php?rest_route=%2Fwp%2Fv2%2Fproduct_cat&post=715"},{"taxonomy":"product_tag","embeddable":true,"href":"https:\/\/www.missionssecours.com\/index.php?rest_route=%2Fwp%2Fv2%2Fproduct_tag&post=715"}],"curies":[{"name":"wp","href":"https:\/\/api.w.org\/{rel}","templated":true}]}}