{"id":547,"date":"2023-05-30T20:56:08","date_gmt":"2023-05-30T18:56:08","guid":{"rendered":"https:\/\/noscollections.ddns.net\/missionssecours\/?post_type=product&#038;p=547"},"modified":"2023-10-27T15:44:08","modified_gmt":"2023-10-27T13:44:08","slug":"pion-cone","status":"publish","type":"product","link":"https:\/\/www.missionssecours.com\/?product=pion-cone","title":{"rendered":"Pion c\u00f4ne"},"content":{"rendered":"<p>Pion c\u00f4ne<\/p>\n<p>\u00a9Usage personnel uniquement pour l&rsquo;usage des jeux de soci\u00e9t\u00e9 de la famille Missions Secours. Diffusion et reproduction interdite sans l&rsquo;accord \u00e9crit de Christophe CILLIER : missions.secours@gmail.com<\/p>\n","protected":false},"excerpt":{"rendered":"<p>Pion c\u00f4ne \u00a9Usage personnel uniquement pour l&rsquo;usage des jeux de soci\u00e9t\u00e9 de la famille Missions Secours. Diffusion et reproduction interdite sans l&rsquo;accord \u00e9crit de Christophe CILLIER : missions.secours@gmail.com<\/p>\n","protected":false},"featured_media":548,"comment_status":"closed","ping_status":"closed","template":"","meta":{"_sitemap_exclude":false,"_sitemap_priority":"","_sitemap_frequency":""},"product_brand":[],"product_cat":[18,25],"product_tag":[],"class_list":{"0":"post-547","1":"product","2":"type-product","3":"status-publish","4":"has-post-thumbnail","6":"product_cat-fichier-3d","7":"product_cat-pions","9":"first","10":"instock","11":"downloadable","12":"shipping-taxable","13":"product-type-simple"},"_links":{"self":[{"href":"https:\/\/www.missionssecours.com\/index.php?rest_route=\/wp\/v2\/product\/547","targetHints":{"allow":["GET"]}}],"collection":[{"href":"https:\/\/www.missionssecours.com\/index.php?rest_route=\/wp\/v2\/product"}],"about":[{"href":"https:\/\/www.missionssecours.com\/index.php?rest_route=\/wp\/v2\/types\/product"}],"replies":[{"embeddable":true,"href":"https:\/\/www.missionssecours.com\/index.php?rest_route=%2Fwp%2Fv2%2Fcomments&post=547"}],"wp:featuredmedia":[{"embeddable":true,"href":"https:\/\/www.missionssecours.com\/index.php?rest_route=\/wp\/v2\/media\/548"}],"wp:attachment":[{"href":"https:\/\/www.missionssecours.com\/index.php?rest_route=%2Fwp%2Fv2%2Fmedia&parent=547"}],"wp:term":[{"taxonomy":"product_brand","embeddable":true,"href":"https:\/\/www.missionssecours.com\/index.php?rest_route=%2Fwp%2Fv2%2Fproduct_brand&post=547"},{"taxonomy":"product_cat","embeddable":true,"href":"https:\/\/www.missionssecours.com\/index.php?rest_route=%2Fwp%2Fv2%2Fproduct_cat&post=547"},{"taxonomy":"product_tag","embeddable":true,"href":"https:\/\/www.missionssecours.com\/index.php?rest_route=%2Fwp%2Fv2%2Fproduct_tag&post=547"}],"curies":[{"name":"wp","href":"https:\/\/api.w.org\/{rel}","templated":true}]}}