{"id":192,"date":"2022-12-03T12:00:05","date_gmt":"2022-12-03T11:00:05","guid":{"rendered":"https:\/\/noscollections.ddns.net\/missionssecours\/?post_type=product&#038;p=192"},"modified":"2023-06-07T22:16:35","modified_gmt":"2023-06-07T20:16:35","slug":"missions-196-secours-maritime-v1","status":"publish","type":"product","link":"https:\/\/www.missionssecours.com\/?product=missions-196-secours-maritime-v1","title":{"rendered":"Missions 196 : Secours Maritime V1"},"content":{"rendered":"<p>&nbsp;<\/p>\n<p>Contenue:<\/p>\n<ul>\n<li>3 versions du plateau selon votre imprimante. A1, A3 ou A4<\/li>\n<li>Les r\u00e8gles du jeu<\/li>\n<li>Les cartes missions<\/li>\n<li>Les cartes d&rsquo;informations<\/li>\n<li>Le mat\u00e9riel (D\u00e9s, Pions,&#8230;)<\/li>\n<li>Un range cartes et Pions<\/li>\n<\/ul>\n<p><strong>Conseils :<\/strong><\/p>\n<p>avant de d\u00e9couper le plateau et les cartes, vous pouvez plastifier les feuilles pour les prot\u00e9ger.<\/p>\n<p>Plateaux : Utiliser l&rsquo;option \u00ab\u00a0Taille r\u00e9elle\u00a0\u00bb sur papier A3 ou A4 du logiciel Adobe Acrobat Reader<\/p>\n<p>R\u00e8gles : Si votre imprimante le propose, utiliser la fonction livret.<\/p>\n<p><em><strong>Mentions l\u00e9gales :<\/strong> Par \u00ab\u00a0le jeu\u00a0\u00bb, on d\u00e9signe l&rsquo;ensemble des composants (physique, num\u00e9rique, ..) de l&rsquo;ensemble des versions et variantes des jeux de la gamme Missions Secours compos\u00e9e des jeux Missions 112, Missions 17, Missions 18, Missions 15, Missions 196, Missions Catastrophes, \u2026 et autres variantes. Vous n\u2019\u00eates pas autoris\u00e9s \u00e0 modifier \u00ab\u00a0le jeu\u00a0\u00bb. Vous n\u2019\u00eates pas autoris\u00e9s \u00e0 faire un usage commercial de \u00ab\u00a0le jeu\u00a0\u00bb. Vous n\u2019\u00eates pas autoris\u00e9s \u00e0 diffuser \u00ab\u00a0le jeu\u00a0\u00bb sans l&rsquo;autorisation \u00e9crite du cr\u00e9ateur. Missions 112, Missions 17, Missions 18, Missions 15, Missions 196, Missions Catastrophes sont des jeux de Christophe CILLIER sur une id\u00e9e de Christophe CILLIER. Jeu r\u00e9alis\u00e9 avec l\u2019autorisation de la Marine Nationale,la SNSM, la s\u00e9curit\u00e9 Civile, le SDIS29, le SMUR Maritime et la pr\u00e9fecture Maritime Atlantique .<\/em><\/p>\n","protected":false},"excerpt":{"rendered":"<p>&nbsp; Contenue: 3 versions du plateau selon votre imprimante. A1, A3 ou A4 Les r\u00e8gles du jeu Les cartes missions Les cartes d&rsquo;informations Le mat\u00e9riel (D\u00e9s, Pions,&#8230;) Un range cartes&hellip; <\/p>\n","protected":false},"featured_media":139,"comment_status":"closed","ping_status":"closed","template":"","meta":{"_sitemap_exclude":false,"_sitemap_priority":"","_sitemap_frequency":""},"product_brand":[],"product_cat":[24],"product_tag":[],"class_list":{"0":"post-192","1":"product","2":"type-product","3":"status-publish","4":"has-post-thumbnail","6":"product_cat-m196","8":"first","9":"instock","10":"downloadable","11":"shipping-taxable","12":"product-type-simple"},"_links":{"self":[{"href":"https:\/\/www.missionssecours.com\/index.php?rest_route=\/wp\/v2\/product\/192","targetHints":{"allow":["GET"]}}],"collection":[{"href":"https:\/\/www.missionssecours.com\/index.php?rest_route=\/wp\/v2\/product"}],"about":[{"href":"https:\/\/www.missionssecours.com\/index.php?rest_route=\/wp\/v2\/types\/product"}],"replies":[{"embeddable":true,"href":"https:\/\/www.missionssecours.com\/index.php?rest_route=%2Fwp%2Fv2%2Fcomments&post=192"}],"wp:featuredmedia":[{"embeddable":true,"href":"https:\/\/www.missionssecours.com\/index.php?rest_route=\/wp\/v2\/media\/139"}],"wp:attachment":[{"href":"https:\/\/www.missionssecours.com\/index.php?rest_route=%2Fwp%2Fv2%2Fmedia&parent=192"}],"wp:term":[{"taxonomy":"product_brand","embeddable":true,"href":"https:\/\/www.missionssecours.com\/index.php?rest_route=%2Fwp%2Fv2%2Fproduct_brand&post=192"},{"taxonomy":"product_cat","embeddable":true,"href":"https:\/\/www.missionssecours.com\/index.php?rest_route=%2Fwp%2Fv2%2Fproduct_cat&post=192"},{"taxonomy":"product_tag","embeddable":true,"href":"https:\/\/www.missionssecours.com\/index.php?rest_route=%2Fwp%2Fv2%2Fproduct_tag&post=192"}],"curies":[{"name":"wp","href":"https:\/\/api.w.org\/{rel}","templated":true}]}}