{"id":82,"date":"2022-11-27T15:54:43","date_gmt":"2022-11-27T14:54:43","guid":{"rendered":"https:\/\/noscollections.ddns.net\/missionssecours\/?page_id=82"},"modified":"2023-10-27T12:05:50","modified_gmt":"2023-10-27T10:05:50","slug":"missions-112","status":"publish","type":"page","link":"https:\/\/www.missionssecours.com\/?page_id=82","title":{"rendered":"Missions 112"},"content":{"rendered":"<div class=\"wp-block-image\">\n<figure class=\"alignright size-full\"><img loading=\"lazy\" decoding=\"async\" width=\"300\" height=\"94\" src=\"http:\/\/www.missionssecours.com\/wp-content\/uploads\/2023\/10\/logo_M112.png\" alt=\"\" class=\"wp-image-709\"\/><\/figure>\n<\/div>\n\n\n<p>Missions 112 rassemble les unit\u00e9s et principales missions de Missions 18, Missions 17 et Missions 15.<\/p>\n\n\n\n<p>Une premi\u00e8re version all\u00e9g\u00e9e a \u00e9t\u00e9 d\u00e9velopp\u00e9e et mise en ligne.<\/p>\n\n\n\n<figure class=\"wp-block-image size-large is-resized\"><img loading=\"lazy\" decoding=\"async\" width=\"1024\" height=\"723\" src=\"http:\/\/www.missionssecours.com\/wp-content\/uploads\/2023\/04\/plateau_m112-1024x723.png\" alt=\"\" class=\"wp-image-363\" style=\"width:838px;height:592px\" srcset=\"https:\/\/www.missionssecours.com\/wp-content\/uploads\/2023\/04\/plateau_m112-1024x723.png 1024w, https:\/\/www.missionssecours.com\/wp-content\/uploads\/2023\/04\/plateau_m112-600x424.png 600w, https:\/\/www.missionssecours.com\/wp-content\/uploads\/2023\/04\/plateau_m112-300x212.png 300w, https:\/\/www.missionssecours.com\/wp-content\/uploads\/2023\/04\/plateau_m112-768x543.png 768w, https:\/\/www.missionssecours.com\/wp-content\/uploads\/2023\/04\/plateau_m112.png 1165w\" sizes=\"auto, (max-width: 1024px) 100vw, 1024px\" \/><\/figure>\n\n\n\n<p>La grille de points a \u00e9t\u00e9 d\u00e9tach\u00e9e du plateau pour prendre place sur une feuille A4.<\/p>\n\n\n\n<figure class=\"wp-block-image size-full\"><img loading=\"lazy\" decoding=\"async\" width=\"1000\" height=\"709\" src=\"http:\/\/www.missionssecours.com\/wp-content\/uploads\/2023\/04\/pointsl_m112.png\" alt=\"\" class=\"wp-image-364\" srcset=\"https:\/\/www.missionssecours.com\/wp-content\/uploads\/2023\/04\/pointsl_m112.png 1000w, https:\/\/www.missionssecours.com\/wp-content\/uploads\/2023\/04\/pointsl_m112-600x425.png 600w, https:\/\/www.missionssecours.com\/wp-content\/uploads\/2023\/04\/pointsl_m112-300x213.png 300w, https:\/\/www.missionssecours.com\/wp-content\/uploads\/2023\/04\/pointsl_m112-768x545.png 768w\" sizes=\"auto, (max-width: 1000px) 100vw, 1000px\" \/><\/figure>\n\n\n<div class=\"wp-block-image\">\n<figure class=\"alignleft size-full is-resized\"><img loading=\"lazy\" decoding=\"async\" width=\"585\" height=\"822\" src=\"http:\/\/www.missionssecours.com\/wp-content\/uploads\/2023\/04\/materiel_m112.png\" alt=\"\" class=\"wp-image-362\" style=\"width:428px;height:601px\" srcset=\"https:\/\/www.missionssecours.com\/wp-content\/uploads\/2023\/04\/materiel_m112.png 585w, https:\/\/www.missionssecours.com\/wp-content\/uploads\/2023\/04\/materiel_m112-214x300.png 214w\" sizes=\"auto, (max-width: 585px) 100vw, 585px\" \/><\/figure>\n<\/div>\n\n\n<p>Il est possible d&rsquo;imprimer l&rsquo;int\u00e9gralit\u00e9 du mat\u00e9riel sur une feuille A4. <\/p>\n\n\n\n<ul class=\"wp-block-list\">\n<li>D\u00e9s<\/li>\n\n\n\n<li>pions v\u00e9hicules<\/li>\n\n\n\n<li>Marqueurs de pions<\/li>\n\n\n\n<li>Marqueurs de points<\/li>\n<\/ul>\n","protected":false},"excerpt":{"rendered":"<p>Missions 112 rassemble les unit\u00e9s et principales missions de Missions 18, Missions 17 et Missions 15. Une premi\u00e8re version all\u00e9g\u00e9e a \u00e9t\u00e9 d\u00e9velopp\u00e9e et mise en ligne. La grille de&hellip; <\/p>\n","protected":false},"author":2,"featured_media":0,"parent":0,"menu_order":0,"comment_status":"closed","ping_status":"closed","template":"","meta":{"_sitemap_exclude":false,"_sitemap_priority":"","_sitemap_frequency":"","footnotes":""},"class_list":["post-82","page","type-page","status-publish","hentry"],"_links":{"self":[{"href":"https:\/\/www.missionssecours.com\/index.php?rest_route=\/wp\/v2\/pages\/82","targetHints":{"allow":["GET"]}}],"collection":[{"href":"https:\/\/www.missionssecours.com\/index.php?rest_route=\/wp\/v2\/pages"}],"about":[{"href":"https:\/\/www.missionssecours.com\/index.php?rest_route=\/wp\/v2\/types\/page"}],"author":[{"embeddable":true,"href":"https:\/\/www.missionssecours.com\/index.php?rest_route=\/wp\/v2\/users\/2"}],"replies":[{"embeddable":true,"href":"https:\/\/www.missionssecours.com\/index.php?rest_route=%2Fwp%2Fv2%2Fcomments&post=82"}],"version-history":[{"count":1,"href":"https:\/\/www.missionssecours.com\/index.php?rest_route=\/wp\/v2\/pages\/82\/revisions"}],"predecessor-version":[{"id":710,"href":"https:\/\/www.missionssecours.com\/index.php?rest_route=\/wp\/v2\/pages\/82\/revisions\/710"}],"wp:attachment":[{"href":"https:\/\/www.missionssecours.com\/index.php?rest_route=%2Fwp%2Fv2%2Fmedia&parent=82"}],"curies":[{"name":"wp","href":"https:\/\/api.w.org\/{rel}","templated":true}]}}