{"id":816,"date":"2025-05-14T12:32:29","date_gmt":"2025-05-14T10:32:29","guid":{"rendered":"https:\/\/www.missionssecours.com\/?page_id=816"},"modified":"2025-05-14T13:12:55","modified_gmt":"2025-05-14T11:12:55","slug":"m196-iroise-en","status":"publish","type":"page","link":"https:\/\/www.missionssecours.com\/?page_id=816&lang=en","title":{"rendered":"M196 Iroise (en)"},"content":{"rendered":"<div class=\"wp-block-image\">\n<figure class=\"alignright size-full\"><img loading=\"lazy\" decoding=\"async\" width=\"300\" height=\"94\" src=\"http:\/\/www.missionssecours.com\/wp-content\/uploads\/2023\/10\/logo_M196.png\" alt=\"\" class=\"wp-image-695\"\/><\/figure>\n<\/div>\n\n\n<p id=\"h.p_rfr4a-7ZI4sE\">Missions 196 Maritime Rescue is a board game dedicated to maritime rescue.<\/p>\n\n\n\n<p>Find all the players involved in maritime rescue.<\/p>\n\n\n\n<p id=\"h.p_i8DWmg9mKKdR\">Brave the storms and rescue the shipwrecked.<\/p>\n\n\n\n<p id=\"h.p_KYCm_vDyM57-\"><strong>Missions 196 : Secours Maritime<\/strong> is available for free in the <a href=\"https:\/\/sites.google.com\/view\/missions196\/t%C3%A9l%C3%A9chargement?authuser=0\">download<\/a> section <\/p>\n\n\n\n<p id=\"h.p_a3kGB9ZF__Za\">Follow the game on Facebook : <a href=\"https:\/\/www.google.com\/url?q=https%3A%2F%2Fwww.facebook.com%2Fmissions196%2F&amp;sa=D&amp;sntz=1&amp;usg=AOvVaw1lj6_QQA91dmDYC0S8CN_j\" target=\"_blank\" rel=\"noreferrer noopener\">https:\/\/www.facebook.com\/missions196\/<\/a><\/p>\n\n\n\n<p id=\"h.p_yAIwZh6zI8v6\"><strong>Players :<\/strong> 2 \u00e0 4<br><strong>Age :<\/strong> 7 to 99+<br><strong>Theme :<\/strong> Sea Rescue<br><strong>Genre :<\/strong> Board Game<\/p>\n\n\n\n<p id=\"h.p_yAIwZh6zI8v6\"><\/p>\n\n\n\n<p id=\"h.p_oHNZEyJu_1rR\">The Game: You are assigned an intervention. Depending on the available units and the type of intervention, choose the right one and proceed to the coordinates indicated on the map.<\/p>\n\n\n\n<p>On site, you will perform actions (for the intervention) and may be required to call on other units. Upon returning to base or home port, you will be awarded a number of points depending on the difficulty of the intervention. Climb the ranks and levels, reaching the highest level, and win the game.<\/p>\n\n\n\n<p>The missions are intended to be representative of maritime rescue activities, but also instructive. The player is made aware of malicious or reckless acts that can lead to interventions.<\/p>\n\n\n\n<p id=\"h.p_3BP774Bq_1rU\">Missions 196 is a unique game, as fun, as it is instructive, and as it is realistic.<\/p>\n\n\n\n<p id=\"h.p_WypMz9WtnlDG\"><strong>Contact :<\/strong> missions.secours@gmail.com<\/p>\n\n\n\n\n\n<h2 class=\"wp-block-heading\">Historical<\/h2>\n\n\n\n<p id=\"h.p_V0nULh4bK-Ol\">It all began on August 1, 2011.<br>The Audierne SNSM* organized sea excursions for visitors to the sea festival.<br>It was aboard an SNSM patrol boat that the idea of \u200b\u200bcreating a version of Missions 112 dedicated to maritime rescue was born.<br>A few days later, within the SDIS29**, we discussed the specific needs of the department&rsquo;s firefighters for Missions 112, particularly its role in coastal rescue.<br>That same week in early August 2011, we met at the base of DRAGON 29, the Finist\u00e8re Civil Security helicopter. It was there that we learned about its missions, particularly its maritime rescue missions. Armed with this information, supplemented by internet research, all the conditions were in place to work on a maritime rescue version of Missions 112.<br>Following the launch in November 2014 of the emergency number dedicated to maritime rescue, 196, the game was renamed Missions 196 at the end of 2014.<\/p>\n\n\n\n<p id=\"h.p_V0nULh4bK-Ol\"><\/p>\n\n\n\n<p id=\"h.p_t5ySEWVHK-33\">* : Soci\u00e9t\u00e9 Nationale de Sauvetage en Mer  &#8211; (National Sea Rescue Society=<br>** : Service D\u00e9partementale d&rsquo;Incendie et de Secours du Finist\u00e8re (29) &#8211; (Finist\u00e8re Departmental Fire and Rescue Service (29))<\/p>\n\n\n\n<h2 class=\"wp-block-heading\">Services<\/h2>\n\n\n\n<div class=\"wp-block-group\"><div class=\"wp-block-group__inner-container is-layout-constrained wp-block-group-is-layout-constrained\">\n<p id=\"h.p_2ohyL2-B_1rT\">Missions 196 was produced in collaboration with sea rescue professionals.<\/p>\n\n\n\n<ul class=\"wp-block-list\">\n<li>SNSM<\/li>\n\n\n\n<li>Marine nationale<\/li>\n\n\n\n<li>Pr\u00e9fecture maritime Atlantique<\/li>\n\n\n\n<li>Pompiers du Finist\u00e8re (SDIS 29)<\/li>\n\n\n\n<li>S\u00e9curit\u00e9 civile<\/li>\n\n\n\n<li>SMUR Maritime (SAMU29)<\/li>\n<\/ul>\n<\/div><\/div>\n\n\n\n<h2 class=\"wp-block-heading\">The units<\/h2>\n\n\n\n<p id=\"h.p_vGtm9J25Ht6F\"><strong>Nautical units<\/strong><\/p>\n\n\n\n<ul class=\"wp-block-list\">\n<li>SNSM<\/li>\n\n\n\n<li>BLS<\/li>\n\n\n\n<li>Abeille Bourbon<\/li>\n<\/ul>\n\n\n\n<div class=\"wp-block-columns is-layout-flex wp-container-core-columns-is-layout-9d6595d7 wp-block-columns-is-layout-flex\">\n<div class=\"wp-block-column is-layout-flow wp-block-column-is-layout-flow\">\n<figure class=\"wp-block-image size-large\"><img loading=\"lazy\" decoding=\"async\" width=\"1024\" height=\"455\" src=\"http:\/\/www.missionssecours.com\/wp-content\/uploads\/2022\/12\/snsm-1024x455.png\" alt=\"\" class=\"wp-image-131\" srcset=\"https:\/\/www.missionssecours.com\/wp-content\/uploads\/2022\/12\/snsm-1024x455.png 1024w, https:\/\/www.missionssecours.com\/wp-content\/uploads\/2022\/12\/snsm-600x267.png 600w, https:\/\/www.missionssecours.com\/wp-content\/uploads\/2022\/12\/snsm-300x133.png 300w, https:\/\/www.missionssecours.com\/wp-content\/uploads\/2022\/12\/snsm-768x341.png 768w, https:\/\/www.missionssecours.com\/wp-content\/uploads\/2022\/12\/snsm.png 1280w\" sizes=\"auto, (max-width: 1024px) 100vw, 1024px\" \/><\/figure>\n<\/div>\n\n\n\n<div class=\"wp-block-column is-layout-flow wp-block-column-is-layout-flow\">\n<figure class=\"wp-block-image size-full\"><img loading=\"lazy\" decoding=\"async\" width=\"300\" height=\"131\" src=\"http:\/\/www.missionssecours.com\/wp-content\/uploads\/2022\/12\/zodiac.png\" alt=\"\" class=\"wp-image-132\"\/><\/figure>\n<\/div>\n\n\n\n<div class=\"wp-block-column is-layout-flow wp-block-column-is-layout-flow\">\n<figure class=\"wp-block-image size-large\"><img loading=\"lazy\" decoding=\"async\" width=\"1024\" height=\"413\" src=\"http:\/\/www.missionssecours.com\/wp-content\/uploads\/2022\/12\/abaill-1024x413.png\" alt=\"\" class=\"wp-image-130\" srcset=\"https:\/\/www.missionssecours.com\/wp-content\/uploads\/2022\/12\/abaill-1024x413.png 1024w, https:\/\/www.missionssecours.com\/wp-content\/uploads\/2022\/12\/abaill-600x242.png 600w, https:\/\/www.missionssecours.com\/wp-content\/uploads\/2022\/12\/abaill-300x121.png 300w, https:\/\/www.missionssecours.com\/wp-content\/uploads\/2022\/12\/abaill-768x310.png 768w, https:\/\/www.missionssecours.com\/wp-content\/uploads\/2022\/12\/abaill.png 1280w\" sizes=\"auto, (max-width: 1024px) 100vw, 1024px\" \/><\/figure>\n<\/div>\n<\/div>\n\n\n\n<p id=\"h.p_Zce_f61SqcBs\"><strong>Air units<\/strong><\/p>\n\n\n\n<ul class=\"wp-block-list\">\n<li>Dragon 29<\/li>\n\n\n\n<li>Tonerre 29<\/li>\n\n\n\n<li>NH90 Caiman marine (33F)<\/li>\n<\/ul>\n\n\n\n<div class=\"wp-block-columns is-layout-flex wp-container-core-columns-is-layout-9d6595d7 wp-block-columns-is-layout-flex\">\n<div class=\"wp-block-column is-layout-flow wp-block-column-is-layout-flow\">\n<figure class=\"wp-block-image size-large\"><img loading=\"lazy\" decoding=\"async\" width=\"1024\" height=\"342\" src=\"http:\/\/www.missionssecours.com\/wp-content\/uploads\/2022\/12\/dragon-1024x342.png\" alt=\"\" class=\"wp-image-129\" srcset=\"https:\/\/www.missionssecours.com\/wp-content\/uploads\/2022\/12\/dragon-1024x342.png 1024w, https:\/\/www.missionssecours.com\/wp-content\/uploads\/2022\/12\/dragon-600x201.png 600w, https:\/\/www.missionssecours.com\/wp-content\/uploads\/2022\/12\/dragon-300x100.png 300w, https:\/\/www.missionssecours.com\/wp-content\/uploads\/2022\/12\/dragon-768x257.png 768w, https:\/\/www.missionssecours.com\/wp-content\/uploads\/2022\/12\/dragon.png 1280w\" sizes=\"auto, (max-width: 1024px) 100vw, 1024px\" \/><\/figure>\n<\/div>\n\n\n\n<div class=\"wp-block-column is-layout-flow wp-block-column-is-layout-flow\">\n<figure class=\"wp-block-image size-large\"><img loading=\"lazy\" decoding=\"async\" width=\"1024\" height=\"286\" src=\"http:\/\/www.missionssecours.com\/wp-content\/uploads\/2022\/12\/f-1024x286.png\" alt=\"\" class=\"wp-image-128\" srcset=\"https:\/\/www.missionssecours.com\/wp-content\/uploads\/2022\/12\/f-1024x286.png 1024w, https:\/\/www.missionssecours.com\/wp-content\/uploads\/2022\/12\/f-600x168.png 600w, https:\/\/www.missionssecours.com\/wp-content\/uploads\/2022\/12\/f-300x84.png 300w, https:\/\/www.missionssecours.com\/wp-content\/uploads\/2022\/12\/f-768x215.png 768w, https:\/\/www.missionssecours.com\/wp-content\/uploads\/2022\/12\/f.png 1280w\" sizes=\"auto, (max-width: 1024px) 100vw, 1024px\" \/><\/figure>\n<\/div>\n\n\n\n<div class=\"wp-block-column is-layout-flow wp-block-column-is-layout-flow\">\n<figure class=\"wp-block-image size-large\"><img loading=\"lazy\" decoding=\"async\" width=\"1024\" height=\"363\" src=\"http:\/\/www.missionssecours.com\/wp-content\/uploads\/2022\/12\/tonerre-1024x363.png\" alt=\"\" class=\"wp-image-127\" srcset=\"https:\/\/www.missionssecours.com\/wp-content\/uploads\/2022\/12\/tonerre-1024x363.png 1024w, https:\/\/www.missionssecours.com\/wp-content\/uploads\/2022\/12\/tonerre-600x213.png 600w, https:\/\/www.missionssecours.com\/wp-content\/uploads\/2022\/12\/tonerre-300x106.png 300w, https:\/\/www.missionssecours.com\/wp-content\/uploads\/2022\/12\/tonerre-768x272.png 768w, https:\/\/www.missionssecours.com\/wp-content\/uploads\/2022\/12\/tonerre.png 1280w\" sizes=\"auto, (max-width: 1024px) 100vw, 1024px\" \/><\/figure>\n<\/div>\n<\/div>\n\n\n\n<p id=\"h.p_ZZFiiJZAqi0J\"><strong>Land units<\/strong><\/p>\n\n\n\n<ul class=\"wp-block-list\">\n<li>VSAV<\/li>\n\n\n\n<li>VL SMURM<\/li>\n<\/ul>\n\n\n\n<div class=\"wp-block-columns is-layout-flex wp-container-core-columns-is-layout-9d6595d7 wp-block-columns-is-layout-flex\">\n<div class=\"wp-block-column is-layout-flow wp-block-column-is-layout-flow\">\n<figure class=\"wp-block-image size-large\"><img loading=\"lazy\" decoding=\"async\" width=\"1024\" height=\"522\" src=\"http:\/\/www.missionssecours.com\/wp-content\/uploads\/2022\/12\/vsav-1024x522.png\" alt=\"\" class=\"wp-image-126\" srcset=\"https:\/\/www.missionssecours.com\/wp-content\/uploads\/2022\/12\/vsav-1024x522.png 1024w, https:\/\/www.missionssecours.com\/wp-content\/uploads\/2022\/12\/vsav-600x306.png 600w, https:\/\/www.missionssecours.com\/wp-content\/uploads\/2022\/12\/vsav-300x153.png 300w, https:\/\/www.missionssecours.com\/wp-content\/uploads\/2022\/12\/vsav-768x392.png 768w, https:\/\/www.missionssecours.com\/wp-content\/uploads\/2022\/12\/vsav.png 1280w\" sizes=\"auto, (max-width: 1024px) 100vw, 1024px\" \/><\/figure>\n<\/div>\n\n\n\n<div class=\"wp-block-column is-layout-flow wp-block-column-is-layout-flow\">\n<figure class=\"wp-block-image size-large\"><img loading=\"lazy\" decoding=\"async\" width=\"1024\" height=\"416\" src=\"http:\/\/www.missionssecours.com\/wp-content\/uploads\/2022\/12\/SMURM-1024x416.png\" alt=\"\" class=\"wp-image-125\" srcset=\"https:\/\/www.missionssecours.com\/wp-content\/uploads\/2022\/12\/SMURM-1024x416.png 1024w, https:\/\/www.missionssecours.com\/wp-content\/uploads\/2022\/12\/SMURM-600x244.png 600w, https:\/\/www.missionssecours.com\/wp-content\/uploads\/2022\/12\/SMURM-300x122.png 300w, https:\/\/www.missionssecours.com\/wp-content\/uploads\/2022\/12\/SMURM-768x312.png 768w, https:\/\/www.missionssecours.com\/wp-content\/uploads\/2022\/12\/SMURM.png 1280w\" sizes=\"auto, (max-width: 1024px) 100vw, 1024px\" \/><\/figure>\n<\/div>\n<\/div>\n\n\n\n<h2 class=\"wp-block-heading\">The board<\/h2>\n\n\n\n<p>Size : 84 x 60 cm<\/p>\n\n\n\n<figure class=\"wp-block-image size-full\"><img loading=\"lazy\" decoding=\"async\" width=\"600\" height=\"425\" src=\"http:\/\/www.missionssecours.com\/wp-content\/uploads\/2022\/12\/plateau_finister.png\" alt=\"\" class=\"wp-image-139\" srcset=\"https:\/\/www.missionssecours.com\/wp-content\/uploads\/2022\/12\/plateau_finister.png 600w, https:\/\/www.missionssecours.com\/wp-content\/uploads\/2022\/12\/plateau_finister-300x213.png 300w\" sizes=\"auto, (max-width: 600px) 100vw, 600px\" \/><\/figure>\n\n\n\n<hr class=\"wp-block-separator has-alpha-channel-opacity\"\/>\n\n\n\n<h2 class=\"wp-block-heading\">Mission cards<\/h2>\n\n\n<div class=\"wp-block-image\">\n<figure class=\"alignright size-full\"><img loading=\"lazy\" decoding=\"async\" width=\"300\" height=\"454\" src=\"http:\/\/www.missionssecours.com\/wp-content\/uploads\/2022\/12\/M196_Card_0.png\" alt=\"\" class=\"wp-image-311\" srcset=\"https:\/\/www.missionssecours.com\/wp-content\/uploads\/2022\/12\/M196_Card_0.png 300w, https:\/\/www.missionssecours.com\/wp-content\/uploads\/2022\/12\/M196_Card_0-198x300.png 198w\" sizes=\"auto, (max-width: 300px) 100vw, 300px\" \/><\/figure>\n<\/div>\n\n\n<p><strong>A mission map is divided into several sections<\/strong><\/p>\n\n\n\n<ul class=\"wp-block-list\">\n<li>The family logo, the title, and the mission number within the family<\/li>\n\n\n\n<li>The number of points<\/li>\n\n\n\n<li>The geographic coordinates of the intervention and the weather conditions<\/li>\n\n\n\n<li>A description of the mission<\/li>\n\n\n\n<li>The progress of the mission<\/li>\n<\/ul>\n\n\n\n<p><strong>The missions are grouped by families:<\/strong><\/p>\n\n\n\n<ul class=\"wp-block-list\">\n<li>SNSM<\/li>\n\n\n\n<li>Marine nationale<\/li>\n\n\n\n<li>SDIS<\/li>\n\n\n\n<li>Pr\u00e9fecture Maritime<\/li>\n\n\n\n<li>SMUR<\/li>\n\n\n\n<li>Multi services<\/li>\n<\/ul>\n\n\n\n<p><strong>Missions :<\/strong><br>More than 50 missions are offered in the game.<\/p>\n\n\n\n<h2 class=\"wp-block-heading\">Information cards<\/h2>\n\n\n\n<p>Nearly 30 information cards are available to discover the different services as well as the rescue units (boats, helicopters).<\/p>\n\n\n\n<div class=\"wp-block-columns is-layout-flex wp-container-core-columns-is-layout-9d6595d7 wp-block-columns-is-layout-flex\">\n<div class=\"wp-block-column is-layout-flow wp-block-column-is-layout-flow\">\n<figure class=\"wp-block-image size-full\"><img loading=\"lazy\" decoding=\"async\" width=\"318\" height=\"476\" src=\"http:\/\/www.missionssecours.com\/wp-content\/uploads\/2022\/12\/M196_Card_1.png\" alt=\"\" class=\"wp-image-310\" srcset=\"https:\/\/www.missionssecours.com\/wp-content\/uploads\/2022\/12\/M196_Card_1.png 318w, https:\/\/www.missionssecours.com\/wp-content\/uploads\/2022\/12\/M196_Card_1-200x300.png 200w\" sizes=\"auto, (max-width: 318px) 100vw, 318px\" \/><\/figure>\n<\/div>\n\n\n\n<div class=\"wp-block-column is-layout-flow wp-block-column-is-layout-flow\">\n<figure class=\"wp-block-image size-full\"><img loading=\"lazy\" decoding=\"async\" width=\"297\" height=\"447\" src=\"http:\/\/www.missionssecours.com\/wp-content\/uploads\/2022\/12\/M196_Card_2.png\" alt=\"\" class=\"wp-image-309\" srcset=\"https:\/\/www.missionssecours.com\/wp-content\/uploads\/2022\/12\/M196_Card_2.png 297w, https:\/\/www.missionssecours.com\/wp-content\/uploads\/2022\/12\/M196_Card_2-199x300.png 199w\" sizes=\"auto, (max-width: 297px) 100vw, 297px\" \/><\/figure>\n<\/div>\n\n\n\n<div class=\"wp-block-column is-layout-flow wp-block-column-is-layout-flow\">\n<figure class=\"wp-block-image size-full\"><img loading=\"lazy\" decoding=\"async\" width=\"300\" height=\"450\" src=\"http:\/\/www.missionssecours.com\/wp-content\/uploads\/2022\/12\/M196_Card_3.png\" alt=\"\" class=\"wp-image-308\" srcset=\"https:\/\/www.missionssecours.com\/wp-content\/uploads\/2022\/12\/M196_Card_3.png 300w, https:\/\/www.missionssecours.com\/wp-content\/uploads\/2022\/12\/M196_Card_3-200x300.png 200w\" sizes=\"auto, (max-width: 300px) 100vw, 300px\" \/><\/figure>\n<\/div>\n\n\n\n<div class=\"wp-block-column is-layout-flow wp-block-column-is-layout-flow\">\n<figure class=\"wp-block-image size-full\"><img loading=\"lazy\" decoding=\"async\" width=\"321\" height=\"481\" src=\"http:\/\/www.missionssecours.com\/wp-content\/uploads\/2022\/12\/M196_Card_4.png\" alt=\"\" class=\"wp-image-307\" srcset=\"https:\/\/www.missionssecours.com\/wp-content\/uploads\/2022\/12\/M196_Card_4.png 321w, https:\/\/www.missionssecours.com\/wp-content\/uploads\/2022\/12\/M196_Card_4-200x300.png 200w\" sizes=\"auto, (max-width: 321px) 100vw, 321px\" \/><\/figure>\n<\/div>\n<\/div>\n\n\n\n<hr class=\"wp-block-separator has-alpha-channel-opacity\"\/>\n\n\n\n<p><em><strong>Mentions l\u00e9gales :<\/strong> Par \u00ab\u00a0le jeu\u00a0\u00bb, on d\u00e9signe l&rsquo;ensemble des composants (physique, num\u00e9rique, ..) de l&rsquo;ensemble des versions et variantes des jeux de la gamme Missions Secours compos\u00e9e des jeux Missions 112, Missions 17, Missions 18, Missions 15, Missions 196, Missions Catastrophes, \u2026 et autres variantes. Vous n\u2019\u00eates pas autoris\u00e9s \u00e0 modifier \u00ab\u00a0le jeu\u00a0\u00bb. Vous n\u2019\u00eates pas autoris\u00e9s \u00e0 faire un usage commercial de \u00ab\u00a0le jeu\u00a0\u00bb. Vous n\u2019\u00eates pas autoris\u00e9s \u00e0 diffuser \u00ab\u00a0le jeu\u00a0\u00bb sans l&rsquo;autorisation \u00e9crite du cr\u00e9ateur. Missions 112, Missions 17, Missions 18, Missions 15, Missions 196, Missions Catastrophes sont des jeux de Christophe CILLIER sur une id\u00e9e de Christophe CILLIER. Jeu r\u00e9alis\u00e9 avec l\u2019autorisation de la Marine Nationale,la SNSM, la s\u00e9curit\u00e9 Civile, le SDIS29, le SMUR Maritime et la pr\u00e9fecture Maritime Atlantique .<\/em><\/p>\n\n\n\n<p>Legal notices: By \u00ab\u00a0the game\u00a0\u00bb, we mean all the components (physical, digital, etc.) of all the versions and variants of the games in the Missions Secours range, which includes the games Missions 112, Missions 17, Missions 18, Missions 15, Missions 196, Missions Catastrophes, etc. and other variants. You are not authorized to modify \u00ab\u00a0the game\u00a0\u00bb. You are not authorized to make commercial use of \u00ab\u00a0the game\u00a0\u00bb. You are not authorized to distribute \u00ab\u00a0the game\u00a0\u00bb without the written authorization of the creator. Missions 112, Missions 17, Missions 18, Missions 15, Missions 196, Missions Catastrophes are games by Christophe CILLIER based on an idea by Christophe CILLIER. Game produced with the authorization of the French Navy, the SNSM, Civil Security, the SDIS29, the SMUR Maritime and the Maritime Atlantique prefecture.<\/p>\n","protected":false},"excerpt":{"rendered":"<p>Missions 196 Maritime Rescue is a board game dedicated to maritime rescue. Find all the players involved in maritime rescue. Brave the storms and rescue the shipwrecked. Missions 196 :&hellip; <\/p>\n","protected":false},"author":1,"featured_media":0,"parent":0,"menu_order":0,"comment_status":"closed","ping_status":"closed","template":"","meta":{"_sitemap_exclude":false,"_sitemap_priority":"","_sitemap_frequency":"","footnotes":""},"class_list":["post-816","page","type-page","status-publish","hentry"],"_links":{"self":[{"href":"https:\/\/www.missionssecours.com\/index.php?rest_route=\/wp\/v2\/pages\/816","targetHints":{"allow":["GET"]}}],"collection":[{"href":"https:\/\/www.missionssecours.com\/index.php?rest_route=\/wp\/v2\/pages"}],"about":[{"href":"https:\/\/www.missionssecours.com\/index.php?rest_route=\/wp\/v2\/types\/page"}],"author":[{"embeddable":true,"href":"https:\/\/www.missionssecours.com\/index.php?rest_route=\/wp\/v2\/users\/1"}],"replies":[{"embeddable":true,"href":"https:\/\/www.missionssecours.com\/index.php?rest_route=%2Fwp%2Fv2%2Fcomments&post=816"}],"version-history":[{"count":3,"href":"https:\/\/www.missionssecours.com\/index.php?rest_route=\/wp\/v2\/pages\/816\/revisions"}],"predecessor-version":[{"id":823,"href":"https:\/\/www.missionssecours.com\/index.php?rest_route=\/wp\/v2\/pages\/816\/revisions\/823"}],"wp:attachment":[{"href":"https:\/\/www.missionssecours.com\/index.php?rest_route=%2Fwp%2Fv2%2Fmedia&parent=816"}],"curies":[{"name":"wp","href":"https:\/\/api.w.org\/{rel}","templated":true}]}}