{"id":801,"date":"2025-05-11T17:56:47","date_gmt":"2025-05-11T15:56:47","guid":{"rendered":"https:\/\/www.missionssecours.com\/?page_id=801"},"modified":"2025-05-11T18:37:14","modified_gmt":"2025-05-11T16:37:14","slug":"accueil-english","status":"publish","type":"page","link":"https:\/\/www.missionssecours.com\/?page_id=801&lang=en","title":{"rendered":"Accueil &#8211; English"},"content":{"rendered":"\n<p>Welcome to the Missions Secours board game website. The board game website dedicated to rescue services by Christophe Cillier.<\/p>\n\n\n\n<p>Here you&rsquo;ll find several board games with rescue themes featuring various services such as firefighters, police, civil security, the Navy, SNSM, and much more.<\/p>\n\n\n\n<p>Games to enjoy with family or friends, to learn about rescue services and emergency numbers.<\/p>\n\n\n\n<p>Games created with the help of the main rescue services.<\/p>\n\n\n\n<div class=\"wp-block-columns is-layout-flex wp-container-core-columns-is-layout-9d6595d7 wp-block-columns-is-layout-flex\">\n<div class=\"wp-block-column is-layout-flow wp-block-column-is-layout-flow\">\n<figure class=\"wp-block-image size-full\"><img loading=\"lazy\" decoding=\"async\" width=\"300\" height=\"95\" src=\"http:\/\/www.missionssecours.com\/wp-content\/uploads\/2023\/10\/logo_M15.png\" alt=\"\" class=\"wp-image-700\"\/><\/figure>\n<\/div>\n\n\n\n<div class=\"wp-block-column is-layout-flow wp-block-column-is-layout-flow\">\n<figure class=\"wp-block-image size-full\"><img loading=\"lazy\" decoding=\"async\" width=\"300\" height=\"94\" src=\"http:\/\/www.missionssecours.com\/wp-content\/uploads\/2023\/10\/logo_M17.png\" alt=\"\" class=\"wp-image-698\"\/><\/figure>\n<\/div>\n\n\n\n<div class=\"wp-block-column is-layout-flow wp-block-column-is-layout-flow\">\n<figure class=\"wp-block-image size-full\"><img loading=\"lazy\" decoding=\"async\" width=\"300\" height=\"94\" src=\"http:\/\/www.missionssecours.com\/wp-content\/uploads\/2023\/10\/logo_M18.png\" alt=\"\" class=\"wp-image-696\"\/><\/figure>\n<\/div>\n\n\n\n<div class=\"wp-block-column is-layout-flow wp-block-column-is-layout-flow\">\n<figure class=\"wp-block-image size-full\"><img loading=\"lazy\" decoding=\"async\" width=\"300\" height=\"94\" src=\"http:\/\/www.missionssecours.com\/wp-content\/uploads\/2023\/10\/logo_M18ES.png\" alt=\"\" class=\"wp-image-697\"\/><\/figure>\n<\/div>\n\n\n\n<div class=\"wp-block-column is-layout-flow wp-block-column-is-layout-flow\">\n<figure class=\"wp-block-image size-full\"><img loading=\"lazy\" decoding=\"async\" width=\"300\" height=\"94\" src=\"http:\/\/www.missionssecours.com\/wp-content\/uploads\/2023\/10\/logo_M196.png\" alt=\"\" class=\"wp-image-695\"\/><\/figure>\n<\/div>\n<\/div>\n\n\n\n<p>Have a nice visit.<\/p>\n\n\n\n<p>missions.secours@gmail.com<\/p>\n\n\n\n<hr class=\"wp-block-separator has-alpha-channel-opacity\"\/>\n\n\n\n<p><strong>Latest information from the site:<\/strong><\/p>\n\n\n\n<div class=\"wp-block-columns is-layout-flex wp-container-core-columns-is-layout-9d6595d7 wp-block-columns-is-layout-flex\">\n<div class=\"wp-block-column is-layout-flow wp-block-column-is-layout-flow\" style=\"flex-basis:100%\"><ul class=\"wp-block-latest-posts__list is-grid columns-3 has-dates wp-block-latest-posts\"><li><div class=\"wp-block-latest-posts__featured-image\"><img loading=\"lazy\" decoding=\"async\" width=\"150\" height=\"150\" src=\"https:\/\/www.missionssecours.com\/wp-content\/uploads\/2023\/07\/patchs-150x150.png\" class=\"attachment-thumbnail size-thumbnail wp-post-image\" alt=\"\" style=\"\" srcset=\"https:\/\/www.missionssecours.com\/wp-content\/uploads\/2023\/07\/patchs-150x150.png 150w, https:\/\/www.missionssecours.com\/wp-content\/uploads\/2023\/07\/patchs-300x300.png 300w, https:\/\/www.missionssecours.com\/wp-content\/uploads\/2023\/07\/patchs-100x100.png 100w\" sizes=\"auto, (max-width: 150px) 100vw, 150px\" \/><\/div><a class=\"wp-block-latest-posts__post-title\" href=\"https:\/\/www.missionssecours.com\/?p=874&#038;lang=en\">Emergency services patches<\/a><time datetime=\"2025-05-14T17:04:48+02:00\" class=\"wp-block-latest-posts__post-date\">14 mai 2025<\/time><div class=\"wp-block-latest-posts__post-excerpt\">During my visits to the rescue units, I was able to obtain some patches from the different rescue units present in the games or having participated as technical advisors. SNSM The&hellip; <\/div><\/li>\n<li><div class=\"wp-block-latest-posts__featured-image\"><img loading=\"lazy\" decoding=\"async\" width=\"150\" height=\"150\" src=\"https:\/\/www.missionssecours.com\/wp-content\/uploads\/2024\/05\/en_196_01-150x150.png\" class=\"attachment-thumbnail size-thumbnail wp-post-image\" alt=\"\" style=\"\" srcset=\"https:\/\/www.missionssecours.com\/wp-content\/uploads\/2024\/05\/en_196_01-150x150.png 150w, https:\/\/www.missionssecours.com\/wp-content\/uploads\/2024\/05\/en_196_01-300x300.png 300w, https:\/\/www.missionssecours.com\/wp-content\/uploads\/2024\/05\/en_196_01-100x100.png 100w\" sizes=\"auto, (max-width: 150px) 100vw, 150px\" \/><\/div><a class=\"wp-block-latest-posts__post-title\" href=\"https:\/\/www.missionssecours.com\/?p=870&#038;lang=en\">Missions 196 &#8211; Maps and Rules in English<\/a><time datetime=\"2025-05-14T16:53:14+02:00\" class=\"wp-block-latest-posts__post-date\">14 mai 2025<\/time><div class=\"wp-block-latest-posts__post-excerpt\">Missions 196 &#8211; Maps and rules in English Nous avons mis en ligne la version anglaise des r\u00e8gles et des cartes missions + informations afin de permettre \u00e0 un plus grand&hellip; <\/div><\/li>\n<li><div class=\"wp-block-latest-posts__featured-image\"><img loading=\"lazy\" decoding=\"async\" width=\"150\" height=\"150\" src=\"https:\/\/www.missionssecours.com\/wp-content\/uploads\/2024\/05\/en_196_01-150x150.png\" class=\"attachment-thumbnail size-thumbnail wp-post-image\" alt=\"\" style=\"\" srcset=\"https:\/\/www.missionssecours.com\/wp-content\/uploads\/2024\/05\/en_196_01-150x150.png 150w, https:\/\/www.missionssecours.com\/wp-content\/uploads\/2024\/05\/en_196_01-300x300.png 300w, https:\/\/www.missionssecours.com\/wp-content\/uploads\/2024\/05\/en_196_01-100x100.png 100w\" sizes=\"auto, (max-width: 150px) 100vw, 150px\" \/><\/div><a class=\"wp-block-latest-posts__post-title\" href=\"https:\/\/www.missionssecours.com\/?p=766\">Missions 196 &#8211; Cartes et r\u00e8gles en Anglais<\/a><time datetime=\"2024-05-22T13:04:53+02:00\" class=\"wp-block-latest-posts__post-date\">22 mai 2024<\/time><div class=\"wp-block-latest-posts__post-excerpt\">Missions 196 &#8211; Maps and rules in English Nous avons mis en ligne la version anglaise des r\u00e8gles et des cartes missions + informations afin de permettre \u00e0 un plus grand&hellip; <\/div><\/li>\n<li><div class=\"wp-block-latest-posts__featured-image\"><img loading=\"lazy\" decoding=\"async\" width=\"150\" height=\"150\" src=\"https:\/\/www.missionssecours.com\/wp-content\/uploads\/2023\/07\/patchs-150x150.png\" class=\"attachment-thumbnail size-thumbnail wp-post-image\" alt=\"\" style=\"\" srcset=\"https:\/\/www.missionssecours.com\/wp-content\/uploads\/2023\/07\/patchs-150x150.png 150w, https:\/\/www.missionssecours.com\/wp-content\/uploads\/2023\/07\/patchs-300x300.png 300w, https:\/\/www.missionssecours.com\/wp-content\/uploads\/2023\/07\/patchs-100x100.png 100w\" sizes=\"auto, (max-width: 150px) 100vw, 150px\" \/><\/div><a class=\"wp-block-latest-posts__post-title\" href=\"https:\/\/www.missionssecours.com\/?p=639\">Patchs des services de secours<\/a><time datetime=\"2023-07-10T12:43:15+02:00\" class=\"wp-block-latest-posts__post-date\">10 juillet 2023<\/time><div class=\"wp-block-latest-posts__post-excerpt\">Au fil des visites des unit\u00e9s de secours, j&rsquo;ai pu me procurer quelques patchs des diff\u00e9rentes unit\u00e9s de secours pr\u00e9sents dans les jeux ou ayant particip\u00e9 comme conseill\u00e8res techniques. SNSM La&hellip; <\/div><\/li>\n<li><div class=\"wp-block-latest-posts__featured-image\"><img loading=\"lazy\" decoding=\"async\" width=\"150\" height=\"150\" src=\"https:\/\/www.missionssecours.com\/wp-content\/uploads\/2022\/12\/jnsp2010_5-150x150.jpg\" class=\"attachment-thumbnail size-thumbnail wp-post-image\" alt=\"\" style=\"\" srcset=\"https:\/\/www.missionssecours.com\/wp-content\/uploads\/2022\/12\/jnsp2010_5-150x150.jpg 150w, https:\/\/www.missionssecours.com\/wp-content\/uploads\/2022\/12\/jnsp2010_5-100x100.jpg 100w\" sizes=\"auto, (max-width: 150px) 100vw, 150px\" \/><\/div><a class=\"wp-block-latest-posts__post-title\" href=\"https:\/\/www.missionssecours.com\/?p=41\">Nouveau site web<\/a><time datetime=\"2022-12-03T13:01:30+01:00\" class=\"wp-block-latest-posts__post-date\">3 d\u00e9cembre 2022<\/time><div class=\"wp-block-latest-posts__post-excerpt\">Les sites consacr\u00e9s aux diverses versions de Missions Secours \u00e9taient limit\u00e9s par leurs h\u00e9bergeurs. J&rsquo;ai pris le temps de cr\u00e9er un nouveau site qui permettra de proposer un site plus complet.&hellip; <\/div><\/li>\n<\/ul><\/div>\n<\/div>\n","protected":false},"excerpt":{"rendered":"<p>Welcome to the Missions Secours board game website. The board game website dedicated to rescue services by Christophe Cillier. Here you&rsquo;ll find several board games with rescue themes featuring various&hellip; <\/p>\n","protected":false},"author":1,"featured_media":0,"parent":0,"menu_order":0,"comment_status":"closed","ping_status":"closed","template":"","meta":{"_sitemap_exclude":false,"_sitemap_priority":"","_sitemap_frequency":"","footnotes":""},"class_list":["post-801","page","type-page","status-publish","hentry"],"_links":{"self":[{"href":"https:\/\/www.missionssecours.com\/index.php?rest_route=\/wp\/v2\/pages\/801","targetHints":{"allow":["GET"]}}],"collection":[{"href":"https:\/\/www.missionssecours.com\/index.php?rest_route=\/wp\/v2\/pages"}],"about":[{"href":"https:\/\/www.missionssecours.com\/index.php?rest_route=\/wp\/v2\/types\/page"}],"author":[{"embeddable":true,"href":"https:\/\/www.missionssecours.com\/index.php?rest_route=\/wp\/v2\/users\/1"}],"replies":[{"embeddable":true,"href":"https:\/\/www.missionssecours.com\/index.php?rest_route=%2Fwp%2Fv2%2Fcomments&post=801"}],"version-history":[{"count":1,"href":"https:\/\/www.missionssecours.com\/index.php?rest_route=\/wp\/v2\/pages\/801\/revisions"}],"predecessor-version":[{"id":808,"href":"https:\/\/www.missionssecours.com\/index.php?rest_route=\/wp\/v2\/pages\/801\/revisions\/808"}],"wp:attachment":[{"href":"https:\/\/www.missionssecours.com\/index.php?rest_route=%2Fwp%2Fv2%2Fmedia&parent=801"}],"curies":[{"name":"wp","href":"https:\/\/api.w.org\/{rel}","templated":true}]}}