{"id":71,"date":"2022-11-27T15:39:36","date_gmt":"2022-11-27T14:39:36","guid":{"rendered":"https:\/\/noscollections.ddns.net\/missionssecours\/?page_id=71"},"modified":"2023-11-12T22:52:22","modified_gmt":"2023-11-12T21:52:22","slug":"accueil","status":"publish","type":"page","link":"https:\/\/www.missionssecours.com\/","title":{"rendered":"Accueil"},"content":{"rendered":"<div class=\"wp-block-image\">\n<figure class=\"alignright size-full is-resized\"><img loading=\"lazy\" decoding=\"async\" width=\"300\" height=\"97\" src=\"http:\/\/www.missionssecours.com\/wp-content\/uploads\/2023\/10\/logo_Msecours.png\" alt=\"\" class=\"wp-image-699\" style=\"aspect-ratio:3.0927835051546393;width:364px;height:auto\"\/><\/figure>\n<\/div>\n\n\n<p>Bienvenue sur le site des jeux de soci\u00e9t\u00e9 Missions Secours. Le site des jeux de soci\u00e9t\u00e9s consacr\u00e9 aux secours par Christophe CILLIER<\/p>\n\n\n\n<p>Vous trouverez ici plusieurs jeux de soci\u00e9t\u00e9s ayant pour th\u00e8me les secours avec les diff\u00e9rents services tels que les pompiers, la police, la s\u00e9curit\u00e9 civile, la Marine, la SNSM, et bien plus encore<\/p>\n\n\n\n<p>Des jeux pour passer de bons moments en famille ou entre amis, pour d\u00e9couvrir les secours et apprendre les num\u00e9ros d&rsquo;urgence.<\/p>\n\n\n\n<p>Des jeux r\u00e9alis\u00e9s avec l&rsquo;aide des principaux services de secours.<\/p>\n\n\n\n<div class=\"wp-block-columns is-layout-flex wp-container-core-columns-is-layout-9d6595d7 wp-block-columns-is-layout-flex\">\n<div class=\"wp-block-column is-layout-flow wp-block-column-is-layout-flow\">\n<figure class=\"wp-block-image size-full\"><img loading=\"lazy\" decoding=\"async\" width=\"300\" height=\"95\" src=\"http:\/\/www.missionssecours.com\/wp-content\/uploads\/2023\/10\/logo_M15.png\" alt=\"\" class=\"wp-image-700\"\/><\/figure>\n<\/div>\n\n\n\n<div class=\"wp-block-column is-layout-flow wp-block-column-is-layout-flow\">\n<figure class=\"wp-block-image size-full\"><img loading=\"lazy\" decoding=\"async\" width=\"300\" height=\"94\" src=\"http:\/\/www.missionssecours.com\/wp-content\/uploads\/2023\/10\/logo_M17.png\" alt=\"\" class=\"wp-image-698\"\/><\/figure>\n<\/div>\n\n\n\n<div class=\"wp-block-column is-layout-flow wp-block-column-is-layout-flow\">\n<figure class=\"wp-block-image size-full\"><img loading=\"lazy\" decoding=\"async\" width=\"300\" height=\"94\" src=\"http:\/\/www.missionssecours.com\/wp-content\/uploads\/2023\/10\/logo_M18.png\" alt=\"\" class=\"wp-image-696\"\/><\/figure>\n<\/div>\n\n\n\n<div class=\"wp-block-column is-layout-flow wp-block-column-is-layout-flow\">\n<figure class=\"wp-block-image size-full\"><img loading=\"lazy\" decoding=\"async\" width=\"300\" height=\"94\" src=\"http:\/\/www.missionssecours.com\/wp-content\/uploads\/2023\/10\/logo_M18ES.png\" alt=\"\" class=\"wp-image-697\"\/><\/figure>\n<\/div>\n\n\n\n<div class=\"wp-block-column is-layout-flow wp-block-column-is-layout-flow\">\n<figure class=\"wp-block-image size-full\"><img loading=\"lazy\" decoding=\"async\" width=\"300\" height=\"94\" src=\"http:\/\/www.missionssecours.com\/wp-content\/uploads\/2023\/10\/logo_M196.png\" alt=\"\" class=\"wp-image-695\"\/><\/figure>\n<\/div>\n<\/div>\n\n\n\n<p>Bonne visite.<\/p>\n\n\n\n<p>missions.secours@gmail.com<\/p>\n\n\n\n<hr class=\"wp-block-separator has-alpha-channel-opacity\"\/>\n\n\n\n<p><strong>Les derni\u00e8res informations du site :<\/strong><\/p>\n\n\n\n<div class=\"wp-block-columns is-layout-flex wp-container-core-columns-is-layout-9d6595d7 wp-block-columns-is-layout-flex\">\n<div class=\"wp-block-column is-layout-flow wp-block-column-is-layout-flow\" style=\"flex-basis:100%\"><ul class=\"wp-block-latest-posts__list is-grid columns-3 has-dates wp-block-latest-posts\"><li><div class=\"wp-block-latest-posts__featured-image\"><img loading=\"lazy\" decoding=\"async\" width=\"150\" height=\"150\" src=\"https:\/\/www.missionssecours.com\/wp-content\/uploads\/2023\/07\/patchs-150x150.png\" class=\"attachment-thumbnail size-thumbnail wp-post-image\" alt=\"\" style=\"\" srcset=\"https:\/\/www.missionssecours.com\/wp-content\/uploads\/2023\/07\/patchs-150x150.png 150w, https:\/\/www.missionssecours.com\/wp-content\/uploads\/2023\/07\/patchs-300x300.png 300w, https:\/\/www.missionssecours.com\/wp-content\/uploads\/2023\/07\/patchs-100x100.png 100w\" sizes=\"auto, (max-width: 150px) 100vw, 150px\" \/><\/div><a class=\"wp-block-latest-posts__post-title\" href=\"https:\/\/www.missionssecours.com\/?p=874&#038;lang=en\">Emergency services patches<\/a><time datetime=\"2025-05-14T17:04:48+02:00\" class=\"wp-block-latest-posts__post-date\">14 mai 2025<\/time><div class=\"wp-block-latest-posts__post-excerpt\">During my visits to the rescue units, I was able to obtain some patches from the different rescue units present in the games or having participated as technical advisors. SNSM The&hellip; <\/div><\/li>\n<li><div class=\"wp-block-latest-posts__featured-image\"><img loading=\"lazy\" decoding=\"async\" width=\"150\" height=\"150\" src=\"https:\/\/www.missionssecours.com\/wp-content\/uploads\/2024\/05\/en_196_01-150x150.png\" class=\"attachment-thumbnail size-thumbnail wp-post-image\" alt=\"\" style=\"\" srcset=\"https:\/\/www.missionssecours.com\/wp-content\/uploads\/2024\/05\/en_196_01-150x150.png 150w, https:\/\/www.missionssecours.com\/wp-content\/uploads\/2024\/05\/en_196_01-300x300.png 300w, https:\/\/www.missionssecours.com\/wp-content\/uploads\/2024\/05\/en_196_01-100x100.png 100w\" sizes=\"auto, (max-width: 150px) 100vw, 150px\" \/><\/div><a class=\"wp-block-latest-posts__post-title\" href=\"https:\/\/www.missionssecours.com\/?p=870&#038;lang=en\">Missions 196 &#8211; Maps and Rules in English<\/a><time datetime=\"2025-05-14T16:53:14+02:00\" class=\"wp-block-latest-posts__post-date\">14 mai 2025<\/time><div class=\"wp-block-latest-posts__post-excerpt\">Missions 196 &#8211; Maps and rules in English Nous avons mis en ligne la version anglaise des r\u00e8gles et des cartes missions + informations afin de permettre \u00e0 un plus grand&hellip; <\/div><\/li>\n<li><div class=\"wp-block-latest-posts__featured-image\"><img loading=\"lazy\" decoding=\"async\" width=\"150\" height=\"150\" src=\"https:\/\/www.missionssecours.com\/wp-content\/uploads\/2024\/05\/en_196_01-150x150.png\" class=\"attachment-thumbnail size-thumbnail wp-post-image\" alt=\"\" style=\"\" srcset=\"https:\/\/www.missionssecours.com\/wp-content\/uploads\/2024\/05\/en_196_01-150x150.png 150w, https:\/\/www.missionssecours.com\/wp-content\/uploads\/2024\/05\/en_196_01-300x300.png 300w, https:\/\/www.missionssecours.com\/wp-content\/uploads\/2024\/05\/en_196_01-100x100.png 100w\" sizes=\"auto, (max-width: 150px) 100vw, 150px\" \/><\/div><a class=\"wp-block-latest-posts__post-title\" href=\"https:\/\/www.missionssecours.com\/?p=766\">Missions 196 &#8211; Cartes et r\u00e8gles en Anglais<\/a><time datetime=\"2024-05-22T13:04:53+02:00\" class=\"wp-block-latest-posts__post-date\">22 mai 2024<\/time><div class=\"wp-block-latest-posts__post-excerpt\">Missions 196 &#8211; Maps and rules in English Nous avons mis en ligne la version anglaise des r\u00e8gles et des cartes missions + informations afin de permettre \u00e0 un plus grand&hellip; <\/div><\/li>\n<li><div class=\"wp-block-latest-posts__featured-image\"><img loading=\"lazy\" decoding=\"async\" width=\"150\" height=\"150\" src=\"https:\/\/www.missionssecours.com\/wp-content\/uploads\/2023\/07\/patchs-150x150.png\" class=\"attachment-thumbnail size-thumbnail wp-post-image\" alt=\"\" style=\"\" srcset=\"https:\/\/www.missionssecours.com\/wp-content\/uploads\/2023\/07\/patchs-150x150.png 150w, https:\/\/www.missionssecours.com\/wp-content\/uploads\/2023\/07\/patchs-300x300.png 300w, https:\/\/www.missionssecours.com\/wp-content\/uploads\/2023\/07\/patchs-100x100.png 100w\" sizes=\"auto, (max-width: 150px) 100vw, 150px\" \/><\/div><a class=\"wp-block-latest-posts__post-title\" href=\"https:\/\/www.missionssecours.com\/?p=639\">Patchs des services de secours<\/a><time datetime=\"2023-07-10T12:43:15+02:00\" class=\"wp-block-latest-posts__post-date\">10 juillet 2023<\/time><div class=\"wp-block-latest-posts__post-excerpt\">Au fil des visites des unit\u00e9s de secours, j&rsquo;ai pu me procurer quelques patchs des diff\u00e9rentes unit\u00e9s de secours pr\u00e9sents dans les jeux ou ayant particip\u00e9 comme conseill\u00e8res techniques. SNSM La&hellip; <\/div><\/li>\n<li><div class=\"wp-block-latest-posts__featured-image\"><img loading=\"lazy\" decoding=\"async\" width=\"150\" height=\"150\" src=\"https:\/\/www.missionssecours.com\/wp-content\/uploads\/2022\/12\/jnsp2010_5-150x150.jpg\" class=\"attachment-thumbnail size-thumbnail wp-post-image\" alt=\"\" style=\"\" srcset=\"https:\/\/www.missionssecours.com\/wp-content\/uploads\/2022\/12\/jnsp2010_5-150x150.jpg 150w, https:\/\/www.missionssecours.com\/wp-content\/uploads\/2022\/12\/jnsp2010_5-100x100.jpg 100w\" sizes=\"auto, (max-width: 150px) 100vw, 150px\" \/><\/div><a class=\"wp-block-latest-posts__post-title\" href=\"https:\/\/www.missionssecours.com\/?p=41\">Nouveau site web<\/a><time datetime=\"2022-12-03T13:01:30+01:00\" class=\"wp-block-latest-posts__post-date\">3 d\u00e9cembre 2022<\/time><div class=\"wp-block-latest-posts__post-excerpt\">Les sites consacr\u00e9s aux diverses versions de Missions Secours \u00e9taient limit\u00e9s par leurs h\u00e9bergeurs. J&rsquo;ai pris le temps de cr\u00e9er un nouveau site qui permettra de proposer un site plus complet.&hellip; <\/div><\/li>\n<\/ul><\/div>\n<\/div>\n","protected":false},"excerpt":{"rendered":"<p>Bienvenue sur le site des jeux de soci\u00e9t\u00e9 Missions Secours. Le site des jeux de soci\u00e9t\u00e9s consacr\u00e9 aux secours par Christophe CILLIER Vous trouverez ici plusieurs jeux de soci\u00e9t\u00e9s ayant&hellip; <\/p>\n","protected":false},"author":2,"featured_media":0,"parent":0,"menu_order":0,"comment_status":"closed","ping_status":"closed","template":"","meta":{"_sitemap_exclude":false,"_sitemap_priority":"","_sitemap_frequency":"","footnotes":""},"class_list":["post-71","page","type-page","status-publish","hentry"],"_links":{"self":[{"href":"https:\/\/www.missionssecours.com\/index.php?rest_route=\/wp\/v2\/pages\/71","targetHints":{"allow":["GET"]}}],"collection":[{"href":"https:\/\/www.missionssecours.com\/index.php?rest_route=\/wp\/v2\/pages"}],"about":[{"href":"https:\/\/www.missionssecours.com\/index.php?rest_route=\/wp\/v2\/types\/page"}],"author":[{"embeddable":true,"href":"https:\/\/www.missionssecours.com\/index.php?rest_route=\/wp\/v2\/users\/2"}],"replies":[{"embeddable":true,"href":"https:\/\/www.missionssecours.com\/index.php?rest_route=%2Fwp%2Fv2%2Fcomments&post=71"}],"version-history":[{"count":3,"href":"https:\/\/www.missionssecours.com\/index.php?rest_route=\/wp\/v2\/pages\/71\/revisions"}],"predecessor-version":[{"id":741,"href":"https:\/\/www.missionssecours.com\/index.php?rest_route=\/wp\/v2\/pages\/71\/revisions\/741"}],"wp:attachment":[{"href":"https:\/\/www.missionssecours.com\/index.php?rest_route=%2Fwp%2Fv2%2Fmedia&parent=71"}],"curies":[{"name":"wp","href":"https:\/\/api.w.org\/{rel}","templated":true}]}}