{"id":635,"date":"2023-07-01T12:38:35","date_gmt":"2023-07-01T10:38:35","guid":{"rendered":"https:\/\/www.missionssecours.com\/?page_id=635"},"modified":"2023-07-01T12:38:36","modified_gmt":"2023-07-01T10:38:36","slug":"70ans-de-la-24f","status":"publish","type":"page","link":"https:\/\/www.missionssecours.com\/?page_id=635","title":{"rendered":"70ans de la 24F"},"content":{"rendered":"<div class=\"wp-block-image\">\n<figure class=\"alignright size-large is-resized\"><img loading=\"lazy\" decoding=\"async\" src=\"http:\/\/www.missionssecours.com\/wp-content\/uploads\/2023\/07\/70ans_24f-1024x576.jpg\" alt=\"\" class=\"wp-image-636\" width=\"529\" height=\"297\" srcset=\"https:\/\/www.missionssecours.com\/wp-content\/uploads\/2023\/07\/70ans_24f-1024x576.jpg 1024w, https:\/\/www.missionssecours.com\/wp-content\/uploads\/2023\/07\/70ans_24f-300x169.jpg 300w, https:\/\/www.missionssecours.com\/wp-content\/uploads\/2023\/07\/70ans_24f-768x432.jpg 768w, https:\/\/www.missionssecours.com\/wp-content\/uploads\/2023\/07\/70ans_24f-1536x864.jpg 1536w, https:\/\/www.missionssecours.com\/wp-content\/uploads\/2023\/07\/70ans_24f-600x338.jpg 600w, https:\/\/www.missionssecours.com\/wp-content\/uploads\/2023\/07\/70ans_24f.jpg 2048w\" sizes=\"auto, (max-width: 529px) 100vw, 529px\" \/><\/figure>\n<\/div>\n\n\n<p>Le 16 juin 2023, Missions 196 \u00e9tait invit\u00e9 \u00e0 la c\u00e9r\u00e9monie et pr\u00e9sent pour faire d\u00e9couvrir les autres services de secours en mer aux invit\u00e9s.<\/p>\n\n\n\n<p>L&rsquo;une des missions de la 24F avec ses Falcon 50M est le SAR (Search And Rescue), avec le rep\u00e9rage d&rsquo;individues ou d&#8217;embarcations en mer, pour guider les secours (bateaux ou h\u00e9licopt\u00e8res). Le Falcon dispose de moyens de marquage en mer (coloration) pour faciliter le rep\u00e9rage, mais aussi de canots de sauvetage qu&rsquo;il largue afin que la ou les victimes puissent se mettre en s\u00e9curit\u00e9 le temps que les secours arrivent. Surtout si la victime est loin des cotes.<\/p>\n\n\n\n<p>Plus d&rsquo;informations sur cette journ\u00e9e : <a href=\"https:\/\/www.defense.gouv.fr\/marine\/actualites\/70-ans-flottille-24f\" target=\"_blank\" rel=\"noreferrer noopener\">https:\/\/www.defense.gouv.fr\/marine\/actualites\/70-ans-flottille-24f <\/a><\/p>\n","protected":false},"excerpt":{"rendered":"<p>Le 16 juin 2023, Missions 196 \u00e9tait invit\u00e9 \u00e0 la c\u00e9r\u00e9monie et pr\u00e9sent pour faire d\u00e9couvrir les autres services de secours en mer aux invit\u00e9s. L&rsquo;une des missions de la&hellip; <\/p>\n","protected":false},"author":1,"featured_media":0,"parent":0,"menu_order":0,"comment_status":"closed","ping_status":"closed","template":"","meta":{"_sitemap_exclude":false,"_sitemap_priority":"","_sitemap_frequency":"","footnotes":""},"class_list":["post-635","page","type-page","status-publish","hentry"],"_links":{"self":[{"href":"https:\/\/www.missionssecours.com\/index.php?rest_route=\/wp\/v2\/pages\/635","targetHints":{"allow":["GET"]}}],"collection":[{"href":"https:\/\/www.missionssecours.com\/index.php?rest_route=\/wp\/v2\/pages"}],"about":[{"href":"https:\/\/www.missionssecours.com\/index.php?rest_route=\/wp\/v2\/types\/page"}],"author":[{"embeddable":true,"href":"https:\/\/www.missionssecours.com\/index.php?rest_route=\/wp\/v2\/users\/1"}],"replies":[{"embeddable":true,"href":"https:\/\/www.missionssecours.com\/index.php?rest_route=%2Fwp%2Fv2%2Fcomments&post=635"}],"version-history":[{"count":1,"href":"https:\/\/www.missionssecours.com\/index.php?rest_route=\/wp\/v2\/pages\/635\/revisions"}],"predecessor-version":[{"id":637,"href":"https:\/\/www.missionssecours.com\/index.php?rest_route=\/wp\/v2\/pages\/635\/revisions\/637"}],"wp:attachment":[{"href":"https:\/\/www.missionssecours.com\/index.php?rest_route=%2Fwp%2Fv2%2Fmedia&parent=635"}],"curies":[{"name":"wp","href":"https:\/\/api.w.org\/{rel}","templated":true}]}}