{"id":557,"date":"2022-11-27T09:39:04","date_gmt":"2022-11-27T08:39:04","guid":{"rendered":"https:\/\/noscollections.ddns.net\/missionssecours\/?page_id=7"},"modified":"2025-05-21T13:47:56","modified_gmt":"2025-05-21T11:47:56","slug":"missions-17","status":"publish","type":"page","link":"https:\/\/www.missionssecours.com\/?page_id=557","title":{"rendered":"Missions 17"},"content":{"rendered":"<div class=\"wp-block-image\">\n<figure class=\"alignright size-full\"><img loading=\"lazy\" decoding=\"async\" width=\"300\" height=\"94\" src=\"http:\/\/www.missionssecours.com\/wp-content\/uploads\/2023\/10\/logo_M17.png\" alt=\"\" class=\"wp-image-698\"\/><\/figure>\n<\/div>\n\n\n<p>Missions 17 est un jeu consacr\u00e9 aux forces de l&rsquo;ordre. La Police.<\/p>\n\n\n\n<p>Les unit\u00e9s disponibles dans cette versions sont :<\/p>\n\n\n\n<ul class=\"wp-block-list\">\n<li>Patrouilles<\/li>\n\n\n\n<li>Force D&rsquo;interventions<\/li>\n\n\n\n<li>Motards<\/li>\n\n\n\n<li>H\u00e9licopt\u00e8re<\/li>\n\n\n\n<li>V\u00e9hicules banalis\u00e9es<\/li>\n\n\n\n<li>Identification<\/li>\n<\/ul>\n\n\n\n<p>Actuellement une version avanc\u00e9e a \u00e9t\u00e9 r\u00e9alis\u00e9 avec l&rsquo;aide officielle de la Police Nationale. Cette version doit \u00eatre finalis\u00e9e.<\/p>\n\n\n\n<p><strong>Copyright<\/strong><br><em>Missions 112, Missions 911,&nbsp;Missions 15,&nbsp;Missions 17,&nbsp;Missions 18,&nbsp;l&rsquo;ensemble de ses d\u00e9riv\u00e9s et extensions sont une cr\u00e9ation et la propri\u00e9t\u00e9 de Christophe CILLIER&nbsp;<\/em>.&nbsp;<em>Toute reproduction ou diffusion est strictement interdite sans l&rsquo;accord \u00e9crit de l&rsquo;auteur.<\/em><\/p>\n","protected":false},"excerpt":{"rendered":"<p>Missions 17 est un jeu consacr\u00e9 aux forces de l&rsquo;ordre. La Police. Les unit\u00e9s disponibles dans cette versions sont : Actuellement une version avanc\u00e9e a \u00e9t\u00e9 r\u00e9alis\u00e9 avec l&rsquo;aide officielle&hellip; <\/p>\n","protected":false},"author":2,"featured_media":0,"parent":0,"menu_order":0,"comment_status":"closed","ping_status":"closed","template":"","meta":{"_sitemap_exclude":false,"_sitemap_priority":"","_sitemap_frequency":"","footnotes":""},"class_list":["post-557","page","type-page","status-publish","hentry"],"_links":{"self":[{"href":"https:\/\/www.missionssecours.com\/index.php?rest_route=\/wp\/v2\/pages\/557","targetHints":{"allow":["GET"]}}],"collection":[{"href":"https:\/\/www.missionssecours.com\/index.php?rest_route=\/wp\/v2\/pages"}],"about":[{"href":"https:\/\/www.missionssecours.com\/index.php?rest_route=\/wp\/v2\/types\/page"}],"author":[{"embeddable":true,"href":"https:\/\/www.missionssecours.com\/index.php?rest_route=\/wp\/v2\/users\/2"}],"replies":[{"embeddable":true,"href":"https:\/\/www.missionssecours.com\/index.php?rest_route=%2Fwp%2Fv2%2Fcomments&post=557"}],"version-history":[{"count":2,"href":"https:\/\/www.missionssecours.com\/index.php?rest_route=\/wp\/v2\/pages\/557\/revisions"}],"predecessor-version":[{"id":897,"href":"https:\/\/www.missionssecours.com\/index.php?rest_route=\/wp\/v2\/pages\/557\/revisions\/897"}],"wp:attachment":[{"href":"https:\/\/www.missionssecours.com\/index.php?rest_route=%2Fwp%2Fv2%2Fmedia&parent=557"}],"curies":[{"name":"wp","href":"https:\/\/api.w.org\/{rel}","templated":true}]}}