{"id":556,"date":"2022-11-27T09:38:32","date_gmt":"2022-11-27T08:38:32","guid":{"rendered":"https:\/\/noscollections.ddns.net\/missionssecours\/?page_id=5"},"modified":"2023-10-27T11:55:02","modified_gmt":"2023-10-27T09:55:02","slug":"missions-18","status":"publish","type":"page","link":"https:\/\/www.missionssecours.com\/?page_id=556","title":{"rendered":"Missions 18"},"content":{"rendered":"\n\n<div class=\"wp-block-image\">\n<figure class=\"alignright size-full\"><img loading=\"lazy\" decoding=\"async\" width=\"300\" height=\"94\" src=\"http:\/\/www.missionssecours.com\/wp-content\/uploads\/2023\/10\/logo_M18.png\" alt=\"\" class=\"wp-image-696\"\/><\/figure>\n<\/div>\n\n\n<p>Missions 18 est le premier volet d&rsquo;une s\u00e9rie de jeux de plateau consacr\u00e9e aux secours<\/p>\n\n\n\n<h2 class=\"wp-block-heading\">Description<\/h2>\n\n\n\n<p>Joueurs : 2 \u00e0 4<br>Age : 10 \u00e0 99+<br>Th\u00e8me : pompier<br>Genre : jeu de plateau<\/p>\n\n\n<div class=\"wp-block-image\">\n<figure class=\"alignright size-full is-resized\"><img loading=\"lazy\" decoding=\"async\" width=\"600\" height=\"387\" src=\"http:\/\/www.missionssecours.com\/wp-content\/uploads\/2022\/11\/base_plateau_1b.png\" alt=\"\" class=\"wp-image-94\" style=\"width:553px;height:357px\" srcset=\"https:\/\/www.missionssecours.com\/wp-content\/uploads\/2022\/11\/base_plateau_1b.png 600w, https:\/\/www.missionssecours.com\/wp-content\/uploads\/2022\/11\/base_plateau_1b-300x194.png 300w\" sizes=\"auto, (max-width: 600px) 100vw, 600px\" \/><\/figure>\n<\/div>\n\n\n<p>Le jeu : Une intervention vous est confi\u00e9e, selon les v\u00e9hicules disponibles dans les casernes et le type de l&rsquo;intervention, choisissez le bon v\u00e9hicule et d\u00e9calez jusqu&rsquo;au lieu indiqu\u00e9 sur la carte.<br>Sur place vous r\u00e9aliserez des actions (pour l&rsquo;intervention) et pourrez \u00eatre amen\u00e9 \u00e0 faire appel \u00e0 des renforts. De retour au centre de secours, selon la difficult\u00e9 de l&rsquo;intervention un nombre de points vous sera accord\u00e9. Montez les \u00e9chelons et les grades, jusqu&rsquo;au plus haut niveau et gagnez le jeu.<\/p>\n\n\n\n<p>Plus de 120 missions sont propos\u00e9es, \u00e0 r\u00e9aliser avec un ou plusieurs v\u00e9hicules. 17 v\u00e9hicules sont disponibles parmi 7 types. L&rsquo;usage du gyrophare et du 2 tons n&rsquo;est pas oubli\u00e9.<\/p>\n\n\n\n<p>Les missions se veulent repr\u00e9sentatives de l&rsquo;activit\u00e9 des sapeurs pompiers, mais aussi instructives. Le joueur est sensibilis\u00e9 aux actes de malveillance ou d&rsquo;inconscience pouvant entra\u00eener des interventions.<\/p>\n\n\n\n<p>Missions 112 a \u00e9t\u00e9 r\u00e9alis\u00e9 en collaboration avec des professionnelles des secours.<br>Une aide tr\u00e8s pr\u00e9cieuse a \u00e9t\u00e9 apport\u00e9 par le Service D\u00e9partementale d&rsquo;Incendie et de Secours de l&rsquo;Essonne avec de tr\u00e8s nombreux conseils techniques.<\/p>\n\n\n\n<p>Missions 112 est jeu unique, aussi ludique, qu&rsquo;instructif, que r\u00e9aliste.<\/p>\n\n\n\n<h2 class=\"wp-block-heading\">Services<\/h2>\n\n\n\n<p>On retrouve bien \u00e9videment les pompiers (SDIS) mais \u00e9galement la s\u00e9curit\u00e9 Civile avec l&rsquo;h\u00e9licopt\u00e8re.<\/p>\n\n\n\n<h2 class=\"wp-block-heading\">Unit\u00e9s<\/h2>\n\n\n\n<p>Ci-dessous les visuels des diff\u00e9rentes unit\u00e9s de secours pr\u00e9sentes dans le jeu.<\/p>\n\n\n\n<figure class=\"wp-block-table\"><table><tbody><tr><td class=\"has-text-align-center\" data-align=\"center\"><img loading=\"lazy\" decoding=\"async\" width=\"150\" height=\"80\" class=\"wp-image-108\" style=\"width: 150px;\" src=\"http:\/\/www.missionssecours.com\/wp-content\/uploads\/2022\/11\/VL.png\" alt=\"\"><br>VL<\/td><td class=\"has-text-align-center\" data-align=\"center\"><img loading=\"lazy\" decoding=\"async\" width=\"150\" height=\"83\" class=\"wp-image-107\" style=\"width: 150px;\" src=\"http:\/\/www.missionssecours.com\/wp-content\/uploads\/2022\/11\/VTU_2.png\" alt=\"\"><br>VTU<\/td><td class=\"has-text-align-center\" data-align=\"center\"><img loading=\"lazy\" decoding=\"async\" width=\"150\" height=\"77\" class=\"wp-image-106\" style=\"width: 150px;\" src=\"http:\/\/www.missionssecours.com\/wp-content\/uploads\/2022\/11\/VSAV_2.png\" alt=\"\"><br>VSAV<\/td><td class=\"has-text-align-center\" data-align=\"center\"><img loading=\"lazy\" decoding=\"async\" width=\"150\" height=\"66\" class=\"wp-image-105\" style=\"width: 150px;\" src=\"http:\/\/www.missionssecours.com\/wp-content\/uploads\/2022\/11\/FPT_2.png\" alt=\"\"><br>FPT<\/td><\/tr><tr><td class=\"has-text-align-center\" data-align=\"center\"><img loading=\"lazy\" decoding=\"async\" width=\"150\" height=\"74\" class=\"wp-image-104\" style=\"width: 150px;\" src=\"http:\/\/www.missionssecours.com\/wp-content\/uploads\/2022\/11\/VSR.png\" alt=\"\"><br>VSR<\/td><td class=\"has-text-align-center\" data-align=\"center\"><img loading=\"lazy\" decoding=\"async\" width=\"150\" height=\"59\" class=\"wp-image-103\" style=\"width: 150px;\" src=\"http:\/\/www.missionssecours.com\/wp-content\/uploads\/2022\/11\/EPA.png\" alt=\"\"><br>EPA<\/td><td class=\"has-text-align-center\" data-align=\"center\"><img loading=\"lazy\" decoding=\"async\" width=\"150\" height=\"74\" class=\"wp-image-102\" style=\"width: 150px;\" src=\"http:\/\/www.missionssecours.com\/wp-content\/uploads\/2022\/11\/CCF.png\" alt=\"\"><br>CCF<\/td><td class=\"has-text-align-center\" data-align=\"center\"><img loading=\"lazy\" decoding=\"async\" width=\"150\" height=\"50\" class=\"wp-image-101\" style=\"width: 150px;\" src=\"http:\/\/www.missionssecours.com\/wp-content\/uploads\/2022\/11\/DRAGON.png\" alt=\"\"><br>DRAGON<\/td><\/tr><\/tbody><\/table><\/figure>\n","protected":false},"excerpt":{"rendered":"<p>Missions 18 est le premier volet d&rsquo;une s\u00e9rie de jeux de plateau consacr\u00e9e aux secours Description Joueurs : 2 \u00e0 4Age : 10 \u00e0 99+Th\u00e8me : pompierGenre : jeu de&hellip; <\/p>\n","protected":false},"author":2,"featured_media":0,"parent":0,"menu_order":0,"comment_status":"closed","ping_status":"closed","template":"","meta":{"_sitemap_exclude":false,"_sitemap_priority":"","_sitemap_frequency":"","footnotes":""},"class_list":["post-556","page","type-page","status-publish","hentry"],"_links":{"self":[{"href":"https:\/\/www.missionssecours.com\/index.php?rest_route=\/wp\/v2\/pages\/556","targetHints":{"allow":["GET"]}}],"collection":[{"href":"https:\/\/www.missionssecours.com\/index.php?rest_route=\/wp\/v2\/pages"}],"about":[{"href":"https:\/\/www.missionssecours.com\/index.php?rest_route=\/wp\/v2\/types\/page"}],"author":[{"embeddable":true,"href":"https:\/\/www.missionssecours.com\/index.php?rest_route=\/wp\/v2\/users\/2"}],"replies":[{"embeddable":true,"href":"https:\/\/www.missionssecours.com\/index.php?rest_route=%2Fwp%2Fv2%2Fcomments&post=556"}],"version-history":[{"count":1,"href":"https:\/\/www.missionssecours.com\/index.php?rest_route=\/wp\/v2\/pages\/556\/revisions"}],"predecessor-version":[{"id":703,"href":"https:\/\/www.missionssecours.com\/index.php?rest_route=\/wp\/v2\/pages\/556\/revisions\/703"}],"wp:attachment":[{"href":"https:\/\/www.missionssecours.com\/index.php?rest_route=%2Fwp%2Fv2%2Fmedia&parent=556"}],"curies":[{"name":"wp","href":"https:\/\/api.w.org\/{rel}","templated":true}]}}