{"id":449,"date":"2023-04-16T10:18:09","date_gmt":"2023-04-16T08:18:09","guid":{"rendered":"https:\/\/noscollections.ddns.net\/missionssecours\/?page_id=449"},"modified":"2023-04-16T10:18:09","modified_gmt":"2023-04-16T08:18:09","slug":"snsm-fete-de-la-mer-camaret-le-7-aout-2022","status":"publish","type":"page","link":"https:\/\/www.missionssecours.com\/?page_id=449","title":{"rendered":"SNSM F\u00eate de la Mer Camaret le 7 ao\u00fbt 2022"},"content":{"rendered":"<div class=\"wp-block-image\">\n<figure class=\"alignright size-full is-resized\"><img loading=\"lazy\" decoding=\"async\" src=\"http:\/\/www.missionssecours.com\/wp-content\/uploads\/2023\/04\/christophe-cillier-etait-present-a-la-fete-de-la-station_6748813_820x500.jpg\" alt=\"\" class=\"wp-image-450\" width=\"504\" height=\"307\" srcset=\"https:\/\/www.missionssecours.com\/wp-content\/uploads\/2023\/04\/christophe-cillier-etait-present-a-la-fete-de-la-station_6748813_820x500.jpg 820w, https:\/\/www.missionssecours.com\/wp-content\/uploads\/2023\/04\/christophe-cillier-etait-present-a-la-fete-de-la-station_6748813_820x500-600x366.jpg 600w, https:\/\/www.missionssecours.com\/wp-content\/uploads\/2023\/04\/christophe-cillier-etait-present-a-la-fete-de-la-station_6748813_820x500-300x183.jpg 300w, https:\/\/www.missionssecours.com\/wp-content\/uploads\/2023\/04\/christophe-cillier-etait-present-a-la-fete-de-la-station_6748813_820x500-768x468.jpg 768w\" sizes=\"auto, (max-width: 504px) 100vw, 504px\" \/><figcaption class=\"wp-element-caption\">Photo, Le T\u00e9l\u00e9gramme<\/figcaption><\/figure>\n<\/div>\n\n\n<p>Le 7 aout 2022, la station SNSM de Camaret sur Mer m&rsquo;a accueilli pour partager des parties du jeu Missions 196 avec les visiteurs pour leur faire d\u00e9couvrir les diff\u00e9rentes missions de la SNSM et des diff\u00e9rents acteurs des secours.<\/p>\n\n\n\n<p>Lors de cette journ\u00e9e l&rsquo;h\u00e9licopt\u00e8re Ca\u00efman Marine NH90 de la Flottille 33F nous a fait l&rsquo;honneur d&rsquo;une d\u00e9monstration. Un h\u00e9licopt\u00e8re pr\u00e9sent dans le jeu bien \u00e9videment !<\/p>\n\n\n\n<p>Une belle journ\u00e9e partag\u00e9e avec le publique et l&rsquo;ensemble des sauveteurs qui tout au long de l&rsquo;ann\u00e9e prennent la mer pour vous secourir et l\u00e0, ce n&rsquo;est pas un jeu !<\/p>\n\n\n\n<p>Vous aussi vous pouvez suivre et soutenir la station SNSM de Camaret sur Facebook : <a href=\"https:\/\/www.facebook.com\/SNSMCamaret\" target=\"_blank\" rel=\"noreferrer noopener\">https:\/\/www.facebook.com\/SNSMCamaret<\/a><\/p>\n\n\n\n<hr class=\"wp-block-separator has-alpha-channel-opacity\"\/>\n\n\n\n<p><strong>Articles de Presse du T\u00e9l\u00e9gramme : <\/strong><\/p>\n\n\n\n<p>Article 1 :   <a href=\"https:\/\/www.letelegramme.fr\/finistere\/camaret-sur-mer\/avec-son-jeu-sur-le-sauvetage-en-mer-christophe-cillier-sera-ce-dimanche-a-la-fete-de-la-station-snsm-a-camaret-sur-mer-06-08-2022-13139247.php\" target=\"_blank\" rel=\"noreferrer noopener\">https:\/\/www.letelegramme.fr\/finistere\/camaret-sur-mer\/avec-son-jeu-sur-le-sauvetage-en-mer-christophe-cillier-sera-ce-dimanche-a-la-fete-de-la-station-snsm-a-camaret-sur-mer-06-08-2022-13139247.php<\/a> <\/p>\n\n\n\n<p>Article 2 :  <a href=\"https:\/\/www.letelegramme.fr\/finistere\/camaret-sur-mer\/a-camaret-sur-mer-des-demonstrations-de-sauvetage-pendant-la-fete-de-la-station-snsm-07-08-2022-13140636.php#slide-4\" target=\"_blank\" rel=\"noreferrer noopener\">https:\/\/www.letelegramme.fr\/finistere\/camaret-sur-mer\/a-camaret-sur-mer-des-demonstrations-de-sauvetage-pendant-la-fete-de-la-station-snsm-07-08-2022-13140636.php#slide-4<\/a><\/p>\n\n\n\n<figure class=\"wp-block-table\"><table><tbody><tr><td><img loading=\"lazy\" decoding=\"async\" width=\"400\" height=\"737\" class=\"wp-image-469\" style=\"width: 400px;\" src=\"http:\/\/www.missionssecours.com\/wp-content\/uploads\/2023\/04\/telegram_camaret_1.png\" alt=\"\" srcset=\"https:\/\/www.missionssecours.com\/wp-content\/uploads\/2023\/04\/telegram_camaret_1.png 1390w, https:\/\/www.missionssecours.com\/wp-content\/uploads\/2023\/04\/telegram_camaret_1-600x1105.png 600w, https:\/\/www.missionssecours.com\/wp-content\/uploads\/2023\/04\/telegram_camaret_1-163x300.png 163w, https:\/\/www.missionssecours.com\/wp-content\/uploads\/2023\/04\/telegram_camaret_1-556x1024.png 556w, https:\/\/www.missionssecours.com\/wp-content\/uploads\/2023\/04\/telegram_camaret_1-768x1414.png 768w, https:\/\/www.missionssecours.com\/wp-content\/uploads\/2023\/04\/telegram_camaret_1-834x1536.png 834w, https:\/\/www.missionssecours.com\/wp-content\/uploads\/2023\/04\/telegram_camaret_1-1112x2048.png 1112w\" sizes=\"auto, (max-width: 400px) 100vw, 400px\" \/><\/td><td><img loading=\"lazy\" decoding=\"async\" width=\"400\" height=\"638\" class=\"wp-image-466\" style=\"width: 400px;\" src=\"http:\/\/www.missionssecours.com\/wp-content\/uploads\/2023\/04\/telegram_camaret_2.png\" alt=\"\" srcset=\"https:\/\/www.missionssecours.com\/wp-content\/uploads\/2023\/04\/telegram_camaret_2.png 1364w, https:\/\/www.missionssecours.com\/wp-content\/uploads\/2023\/04\/telegram_camaret_2-600x957.png 600w, https:\/\/www.missionssecours.com\/wp-content\/uploads\/2023\/04\/telegram_camaret_2-188x300.png 188w, https:\/\/www.missionssecours.com\/wp-content\/uploads\/2023\/04\/telegram_camaret_2-642x1024.png 642w, https:\/\/www.missionssecours.com\/wp-content\/uploads\/2023\/04\/telegram_camaret_2-768x1225.png 768w, https:\/\/www.missionssecours.com\/wp-content\/uploads\/2023\/04\/telegram_camaret_2-963x1536.png 963w, https:\/\/www.missionssecours.com\/wp-content\/uploads\/2023\/04\/telegram_camaret_2-1284x2048.png 1284w\" sizes=\"auto, (max-width: 400px) 100vw, 400px\" \/><\/td><\/tr><\/tbody><\/table><\/figure>\n","protected":false},"excerpt":{"rendered":"<p>Le 7 aout 2022, la station SNSM de Camaret sur Mer m&rsquo;a accueilli pour partager des parties du jeu Missions 196 avec les visiteurs pour leur faire d\u00e9couvrir les diff\u00e9rentes&hellip; <\/p>\n","protected":false},"author":2,"featured_media":0,"parent":0,"menu_order":0,"comment_status":"closed","ping_status":"closed","template":"","meta":{"_sitemap_exclude":false,"_sitemap_priority":"","_sitemap_frequency":"","footnotes":""},"class_list":["post-449","page","type-page","status-publish","hentry"],"_links":{"self":[{"href":"https:\/\/www.missionssecours.com\/index.php?rest_route=\/wp\/v2\/pages\/449","targetHints":{"allow":["GET"]}}],"collection":[{"href":"https:\/\/www.missionssecours.com\/index.php?rest_route=\/wp\/v2\/pages"}],"about":[{"href":"https:\/\/www.missionssecours.com\/index.php?rest_route=\/wp\/v2\/types\/page"}],"author":[{"embeddable":true,"href":"https:\/\/www.missionssecours.com\/index.php?rest_route=\/wp\/v2\/users\/2"}],"replies":[{"embeddable":true,"href":"https:\/\/www.missionssecours.com\/index.php?rest_route=%2Fwp%2Fv2%2Fcomments&post=449"}],"version-history":[{"count":0,"href":"https:\/\/www.missionssecours.com\/index.php?rest_route=\/wp\/v2\/pages\/449\/revisions"}],"wp:attachment":[{"href":"https:\/\/www.missionssecours.com\/index.php?rest_route=%2Fwp%2Fv2%2Fmedia&parent=449"}],"curies":[{"name":"wp","href":"https:\/\/api.w.org\/{rel}","templated":true}]}}