{"id":444,"date":"2023-04-16T09:57:10","date_gmt":"2023-04-16T07:57:10","guid":{"rendered":"https:\/\/noscollections.ddns.net\/missionssecours\/?p=444"},"modified":"2023-07-10T12:59:58","modified_gmt":"2023-07-10T10:59:58","slug":"formula-d-extension-singapore-docks","status":"publish","type":"page","link":"https:\/\/www.missionssecours.com\/?page_id=444","title":{"rendered":"Formula D : Extension Singapore \/ Docks"},"content":{"rendered":"<div class=\"wp-block-image\">\n<figure class=\"alignright size-full\"><img loading=\"lazy\" decoding=\"async\" width=\"221\" height=\"250\" src=\"http:\/\/www.missionssecours.com\/wp-content\/uploads\/2023\/04\/formulaD_1.jpeg\" alt=\"\" class=\"wp-image-446\"\/><\/figure>\n<\/div>\n\n\n<p>Issu d&rsquo;un concours organis\u00e9 par l&rsquo;\u00e9diteur Asmod\u00e9e, l&rsquo;extension Docks a \u00e9t\u00e9 propos\u00e9 par mes soins et j&rsquo;ai eu la chance d&rsquo;\u00eatre s\u00e9lectionn\u00e9 et de voir cette cr\u00e9ation \u00e9dit\u00e9e.<\/p>\n\n\n\n<p><strong>Texte \u00e9diteur :<\/strong><\/p>\n\n\n\n<p><em>FORMULA D &#8211; circuits DOCKS \/ SINGAPORE<br>Vous \u00eates fan de Formula D ? Renouvelez vos parties avec les deux nouveaux circuits propos\u00e9s par cette troisi\u00e8me extension.<br>Le circuit urbain de Singapour est disput\u00e9 de nuit. Il se distingue par des virages serr\u00e9s et un \u00e9clairage artificiel d\u00e9routant. Un challenge qui n\u00e9cessite virtuosit\u00e9 technique et adaptabilit\u00e9 maximale !<br>Les aficionados de street racing pourront quant \u00e0 eux d\u00e9couvrir un parcours \u00e0 haut risque sur un dock industriel aux premi\u00e8res lueurs de l&rsquo;aube. Un subtil m\u00e9lange d&#8217;emb\u00fbches et de routes improvis\u00e9es pour un terrain de jeu mortel !<\/em><br><em>Extension n\u00e9cessitant le jeu Formula D.<\/em><\/p>\n\n\n\n<figure class=\"wp-block-image size-full\"><img loading=\"lazy\" decoding=\"async\" width=\"900\" height=\"597\" src=\"http:\/\/www.missionssecours.com\/wp-content\/uploads\/2023\/04\/formulaD_2.jpeg\" alt=\"\" class=\"wp-image-445\" srcset=\"https:\/\/www.missionssecours.com\/wp-content\/uploads\/2023\/04\/formulaD_2.jpeg 900w, https:\/\/www.missionssecours.com\/wp-content\/uploads\/2023\/04\/formulaD_2-600x398.jpeg 600w, https:\/\/www.missionssecours.com\/wp-content\/uploads\/2023\/04\/formulaD_2-300x199.jpeg 300w, https:\/\/www.missionssecours.com\/wp-content\/uploads\/2023\/04\/formulaD_2-768x509.jpeg 768w\" sizes=\"auto, (max-width: 900px) 100vw, 900px\" \/><\/figure>\n\n\n\n<p>Un circuit qui propose des variantes de r\u00e8gles originales et qui permet de nombreuses strat\u00e9gies de courses et conservent le suspense jusqu&rsquo;au dernier virage.<\/p>\n\n\n\n<p>A retrouver entre autre sur amazon : <a href=\"https:\/\/www.amazon.fr\/Asmodee-Strat%C3%A9gie-Formula-Circuits-Singapore\/dp\/B004EF3DNS\/ref=sr_1_1?__mk_fr_FR=%C3%85M%C3%85%C5%BD%C3%95%C3%91&amp;crid=26E1TUMHALJKI&amp;keywords=formula%2BD%2BDocks%2Basmodee&amp;qid=1681632350&amp;sprefix=formula%2Bd%2Bdocks%2Basmodee%2Caps%2C66&amp;sr=8-1&amp;th=1\">https:\/\/www.amazon.fr\/<\/a><\/p>\n","protected":false},"excerpt":{"rendered":"<p>Issu d&rsquo;un concours organis\u00e9 par l&rsquo;\u00e9diteur Asmod\u00e9e, l&rsquo;extension Docks a \u00e9t\u00e9 propos\u00e9 par mes soins et j&rsquo;ai eu la chance d&rsquo;\u00eatre s\u00e9lectionn\u00e9 et de voir cette cr\u00e9ation \u00e9dit\u00e9e. Texte \u00e9diteur&hellip; <\/p>\n","protected":false},"author":2,"featured_media":0,"parent":0,"menu_order":0,"comment_status":"closed","ping_status":"closed","template":"","meta":{"_sitemap_exclude":false,"_sitemap_priority":"","_sitemap_frequency":"","footnotes":""},"class_list":["post-444","page","type-page","status-publish","hentry"],"_links":{"self":[{"href":"https:\/\/www.missionssecours.com\/index.php?rest_route=\/wp\/v2\/pages\/444","targetHints":{"allow":["GET"]}}],"collection":[{"href":"https:\/\/www.missionssecours.com\/index.php?rest_route=\/wp\/v2\/pages"}],"about":[{"href":"https:\/\/www.missionssecours.com\/index.php?rest_route=\/wp\/v2\/types\/page"}],"author":[{"embeddable":true,"href":"https:\/\/www.missionssecours.com\/index.php?rest_route=\/wp\/v2\/users\/2"}],"replies":[{"embeddable":true,"href":"https:\/\/www.missionssecours.com\/index.php?rest_route=%2Fwp%2Fv2%2Fcomments&post=444"}],"version-history":[{"count":1,"href":"https:\/\/www.missionssecours.com\/index.php?rest_route=\/wp\/v2\/pages\/444\/revisions"}],"predecessor-version":[{"id":664,"href":"https:\/\/www.missionssecours.com\/index.php?rest_route=\/wp\/v2\/pages\/444\/revisions\/664"}],"wp:attachment":[{"href":"https:\/\/www.missionssecours.com\/index.php?rest_route=%2Fwp%2Fv2%2Fmedia&parent=444"}],"curies":[{"name":"wp","href":"https:\/\/api.w.org\/{rel}","templated":true}]}}