{"id":373,"date":"2023-04-09T21:04:48","date_gmt":"2023-04-09T19:04:48","guid":{"rendered":"https:\/\/noscollections.ddns.net\/missionssecours\/?page_id=373"},"modified":"2023-04-09T21:04:48","modified_gmt":"2023-04-09T19:04:48","slug":"plateaux","status":"publish","type":"page","link":"https:\/\/www.missionssecours.com\/?page_id=373","title":{"rendered":"Plateaux"},"content":{"rendered":"\n<p>Cette page regroupe quelques astuces pour imprimer et prot\u00e9ger vos plateaux de jeux. <\/p>\n\n\n\n\n\n<h2 class=\"wp-block-heading\">L&rsquo;impression en A4 ou A3 avec Posterazor<\/h2>\n\n\n\n<p><\/p>\n\n\n\n<p>45 https:\/\/posterazor.sourceforge.io\/    5555<\/p>\n\n\n\n<p>Pour une meilleur qualit\u00e9 d&rsquo;impression, nous vous conseillons de privil\u00e9gier une impression laser plut\u00f4t que jet d&rsquo;encre.<\/p>\n\n\n\n<h2 class=\"wp-block-heading\">La protection des feuilles du plateau<\/h2>\n\n\n\n<p>La plastification<\/p>\n\n\n\n<h2 class=\"wp-block-heading\">Impression sur b\u00e2che<\/h2>\n\n\n\n<p>sur https:\/\/www.easyflyer.fr\/ <\/p>\n\n\n\n<p>5555555    https:\/\/www.easyflyer.fr\/impression-banderole\/bache-pas-cher-sur-mesure\/     555<\/p>\n\n\n\n<p><\/p>\n","protected":false},"excerpt":{"rendered":"<p>Cette page regroupe quelques astuces pour imprimer et prot\u00e9ger vos plateaux de jeux. L&rsquo;impression en A4 ou A3 avec Posterazor 45 https:\/\/posterazor.sourceforge.io\/ 5555 Pour une meilleur qualit\u00e9 d&rsquo;impression, nous vous&hellip; <\/p>\n","protected":false},"author":2,"featured_media":0,"parent":0,"menu_order":0,"comment_status":"closed","ping_status":"closed","template":"","meta":{"_sitemap_exclude":false,"_sitemap_priority":"","_sitemap_frequency":"","footnotes":""},"class_list":["post-373","page","type-page","status-publish","hentry"],"_links":{"self":[{"href":"https:\/\/www.missionssecours.com\/index.php?rest_route=\/wp\/v2\/pages\/373","targetHints":{"allow":["GET"]}}],"collection":[{"href":"https:\/\/www.missionssecours.com\/index.php?rest_route=\/wp\/v2\/pages"}],"about":[{"href":"https:\/\/www.missionssecours.com\/index.php?rest_route=\/wp\/v2\/types\/page"}],"author":[{"embeddable":true,"href":"https:\/\/www.missionssecours.com\/index.php?rest_route=\/wp\/v2\/users\/2"}],"replies":[{"embeddable":true,"href":"https:\/\/www.missionssecours.com\/index.php?rest_route=%2Fwp%2Fv2%2Fcomments&post=373"}],"version-history":[{"count":0,"href":"https:\/\/www.missionssecours.com\/index.php?rest_route=\/wp\/v2\/pages\/373\/revisions"}],"wp:attachment":[{"href":"https:\/\/www.missionssecours.com\/index.php?rest_route=%2Fwp%2Fv2%2Fmedia&parent=373"}],"curies":[{"name":"wp","href":"https:\/\/api.w.org\/{rel}","templated":true}]}}