{"id":290,"date":"2022-12-03T22:02:09","date_gmt":"2022-12-03T21:02:09","guid":{"rendered":"https:\/\/noscollections.ddns.net\/missionssecours\/?page_id=290"},"modified":"2022-12-03T22:02:09","modified_gmt":"2022-12-03T21:02:09","slug":"histoire","status":"publish","type":"page","link":"https:\/\/www.missionssecours.com\/?page_id=290","title":{"rendered":"Histoire"},"content":{"rendered":"<div class=\"wp-block-image\">\n<figure class=\"alignright size-full\"><img loading=\"lazy\" decoding=\"async\" width=\"400\" height=\"282\" src=\"http:\/\/www.missionssecours.com\/wp-content\/uploads\/2022\/12\/proto_1.jpg\" alt=\"\" class=\"wp-image-292\" srcset=\"https:\/\/www.missionssecours.com\/wp-content\/uploads\/2022\/12\/proto_1.jpg 400w, https:\/\/www.missionssecours.com\/wp-content\/uploads\/2022\/12\/proto_1-300x212.jpg 300w\" sizes=\"auto, (max-width: 400px) 100vw, 400px\" \/><\/figure>\n<\/div>\n\n\n<p>Chaque chose \u00e0 une histoire, Missions 112 et ses d\u00e9riv\u00e9s, n&rsquo;y \u00e9chappent pas, la voici.<\/p>\n\n\n\n<p>L&rsquo;id\u00e9e de r\u00e9aliser un jeu de soci\u00e9t\u00e9 est n\u00e9 l&rsquo;\u00e9t\u00e9 2008. Passionn\u00e9 de jeux de soci\u00e9t\u00e9 et disposant de quelques de v\u00e9hicules miniatures de pompiers, police et SAMU, je me suis dit qu&rsquo;il \u00e9tait dommage de ne pas avoir de jeu de soci\u00e9t\u00e9 utilisant des v\u00e9hicules de secours.<\/p>\n\n\n\n<p>Apr\u00e8s quelques recherches sur Internet, aucun jeu ne correspondait. On est jamais aussi bien servie par soit m\u00eame alors, je me suis mis au travail.<\/p>\n\n\n\n<p><strong>1er croquis :<\/strong>&nbsp;Apr\u00e8s quelques jours, \u00e0 poser des id\u00e9es et a r\u00e9aliser des croquis le sch\u00e9ma ci-contre a vue le jour.<\/p>\n\n\n<div class=\"wp-block-image\">\n<figure class=\"alignright size-full\"><img loading=\"lazy\" decoding=\"async\" width=\"400\" height=\"257\" src=\"http:\/\/www.missionssecours.com\/wp-content\/uploads\/2022\/12\/proto_2.jpg\" alt=\"\" class=\"wp-image-291\" srcset=\"https:\/\/www.missionssecours.com\/wp-content\/uploads\/2022\/12\/proto_2.jpg 400w, https:\/\/www.missionssecours.com\/wp-content\/uploads\/2022\/12\/proto_2-300x193.jpg 300w\" sizes=\"auto, (max-width: 400px) 100vw, 400px\" \/><\/figure>\n<\/div>\n\n\n<p>Un icone caserne de pompier, un icone commissariat, ambulance,&nbsp;h\u00f4pital, des&nbsp;b\u00e2timents&nbsp;publiques, des routes et des lieux&nbsp;d\u2019interventions.<\/p>\n\n\n\n<p>Les \u00e9l\u00e9ments de bases sont pr\u00e9sents.<\/p>\n\n\n\n<p><\/p>\n\n\n\n<p><strong>2\u00e9me croquis :<\/strong><\/p>\n\n\n\n<p>Des cases pour les d\u00e9placements, des cibles de couleurs diff\u00e9rentes selon l&rsquo;intervention pour les pompiers ou les policier avec des valeurs de points diff\u00e9rents selon les lieux, font leur apparition.<\/p>\n\n\n\n<p>D\u00e9j\u00e0 un nom pour le jeu \u00e0 \u00e9t\u00e9 cherch\u00e9 et propos\u00e9.<\/p>\n\n\n\n<p><strong>112<\/strong>&nbsp;: pourquoi le 112 dans le nom du jeu ?<\/p>\n\n\n\n<p>Je souhaitais r\u00e9aliser un jeu non pas simplement sur les pompiers mais aussi la police et le SAMU. Un jeu qui regroupe les 3 principaux services d&rsquo;Urgences.<\/p>\n\n\n\n<p>Le 18, le 17 et le 15. Rapidement le d\u00e9nominateur commun \u00e0 ces 3 services apparu sous la forme d&rsquo;un num\u00e9ro.<\/p>\n\n\n\n<p>Le num\u00e9ro qui vient en compl\u00e9ment des autres sur toutes les brochures depuis quelques ann\u00e9e est le 112.<\/p>\n\n\n\n<p>Si vous ne deviez retenir qu&rsquo;un num\u00e9ro en cas d&rsquo;urgence, c&rsquo;est le 112. En plus il est valable dans toute l&rsquo;union europ\u00e9enne.<\/p>\n\n\n\n<p><strong>La pause.<\/strong><\/p>\n\n\n\n<p>Apr\u00e8s 2 mois de travail pour r\u00e9aliser le croquis pr\u00e9c\u00e9dent, le&nbsp;r\u00e9sultat&nbsp;n&rsquo;\u00e9tait pas \u00e0 la hauteur des&nbsp;esp\u00e9rances. Le projet est donc entr\u00e9 en sommeil &#8230;<\/p>\n\n\n\n<p><strong>Et\u00e9 2009<\/strong><\/p>\n\n\n\n<p>Le projet avance de nouveau avec un nouveau plateau qui est r\u00e9alis\u00e9.<\/p>\n\n\n\n<p><strong>Novembre 2009<\/strong><\/p>\n\n\n\n<p>Contact par mail du SDIS91 pour pr\u00e9senter le projet Missions 112 avec un rendez-vous le mois suivant qui marque le d\u00e9but d&rsquo;une belle et longue collaboration pour le d\u00e9veloppement de la partie pompier.<\/p>\n\n\n\n<p><strong>Juin 2010<\/strong><\/p>\n\n\n\n<p>Premi\u00e8re \u00e9preuve du feu avec le publique du jeu lors de la Journ\u00e9e Nationale des Sapeurs Pompier (JNSP) invit\u00e9 par le SDIS91. <\/p>\n\n\n\n<p>1er ao\u00fbt 2011<\/p>\n\n\n\n<p>Lors d&rsquo;une f\u00eate de la mer (SNSM) \u00e0 Audierne, sur le bateau de la SNSM, nait l&rsquo;id\u00e9e d&rsquo;une version sur les secours en mer  <strong>Missions 112 : secours maritime<\/strong><\/p>\n\n\n\n<p><strong>\u00e9t\u00e9 2015<\/strong><\/p>\n\n\n\n<p>Le jeu <strong>Missions 112 : secours maritime<\/strong> est renomm\u00e9 <strong>Missions 196 : secours maritime<\/strong>, suite \u00e0 la cr\u00e9ation du num\u00e9ro d&rsquo;Urgence pour les secours en mer, le 196.<\/p>\n","protected":false},"excerpt":{"rendered":"<p>Chaque chose \u00e0 une histoire, Missions 112 et ses d\u00e9riv\u00e9s, n&rsquo;y \u00e9chappent pas, la voici. L&rsquo;id\u00e9e de r\u00e9aliser un jeu de soci\u00e9t\u00e9 est n\u00e9 l&rsquo;\u00e9t\u00e9 2008. Passionn\u00e9 de jeux de&hellip; <\/p>\n","protected":false},"author":2,"featured_media":0,"parent":0,"menu_order":0,"comment_status":"closed","ping_status":"closed","template":"","meta":{"_sitemap_exclude":false,"_sitemap_priority":"","_sitemap_frequency":"","footnotes":""},"class_list":["post-290","page","type-page","status-publish","hentry"],"_links":{"self":[{"href":"https:\/\/www.missionssecours.com\/index.php?rest_route=\/wp\/v2\/pages\/290","targetHints":{"allow":["GET"]}}],"collection":[{"href":"https:\/\/www.missionssecours.com\/index.php?rest_route=\/wp\/v2\/pages"}],"about":[{"href":"https:\/\/www.missionssecours.com\/index.php?rest_route=\/wp\/v2\/types\/page"}],"author":[{"embeddable":true,"href":"https:\/\/www.missionssecours.com\/index.php?rest_route=\/wp\/v2\/users\/2"}],"replies":[{"embeddable":true,"href":"https:\/\/www.missionssecours.com\/index.php?rest_route=%2Fwp%2Fv2%2Fcomments&post=290"}],"version-history":[{"count":0,"href":"https:\/\/www.missionssecours.com\/index.php?rest_route=\/wp\/v2\/pages\/290\/revisions"}],"wp:attachment":[{"href":"https:\/\/www.missionssecours.com\/index.php?rest_route=%2Fwp%2Fv2%2Fmedia&parent=290"}],"curies":[{"name":"wp","href":"https:\/\/api.w.org\/{rel}","templated":true}]}}