{"id":255,"date":"2022-12-03T20:49:23","date_gmt":"2022-12-03T19:49:23","guid":{"rendered":"https:\/\/noscollections.ddns.net\/missionssecours\/?page_id=255"},"modified":"2023-10-27T11:58:20","modified_gmt":"2023-10-27T09:58:20","slug":"missions-18-equipes-specialisees-a1","status":"publish","type":"page","link":"https:\/\/www.missionssecours.com\/?page_id=255","title":{"rendered":"M18 : Equipes Sp\u00e9cialis\u00e9es A1"},"content":{"rendered":"\n\n<div class=\"wp-block-image\">\n<figure class=\"alignright size-full\"><img loading=\"lazy\" decoding=\"async\" width=\"300\" height=\"94\" src=\"http:\/\/www.missionssecours.com\/wp-content\/uploads\/2023\/10\/logo_M18ES.png\" alt=\"\" class=\"wp-image-697\"\/><\/figure>\n<\/div>\n\n\n<p>Missions 18 : Equipes Sp\u00e9cialis\u00e9es est un jeux de plateau consacr\u00e9e aux secours<\/p>\n\n\n\n<h2 class=\"wp-block-heading\">Description<\/h2>\n\n\n\n<p>Joueurs : 2 \u00e0 4<br>Age : 10 \u00e0 99+<br>Th\u00e8me : pompier<br>Genre : jeu de plateau<\/p>\n\n\n<div class=\"wp-block-image\">\n<figure class=\"alignright size-full is-resized\"><img loading=\"lazy\" decoding=\"async\" width=\"1000\" height=\"683\" src=\"http:\/\/www.missionssecours.com\/wp-content\/uploads\/2023\/04\/M112_spe_plateau.png\" alt=\"\" class=\"wp-image-358\" style=\"width:447px;height:304px\" srcset=\"https:\/\/www.missionssecours.com\/wp-content\/uploads\/2023\/04\/M112_spe_plateau.png 1000w, https:\/\/www.missionssecours.com\/wp-content\/uploads\/2023\/04\/M112_spe_plateau-600x410.png 600w, https:\/\/www.missionssecours.com\/wp-content\/uploads\/2023\/04\/M112_spe_plateau-300x205.png 300w, https:\/\/www.missionssecours.com\/wp-content\/uploads\/2023\/04\/M112_spe_plateau-768x525.png 768w\" sizes=\"auto, (max-width: 1000px) 100vw, 1000px\" \/><\/figure>\n<\/div>\n\n\n<p>Le jeu : Une intervention vous est confi\u00e9e, selon les v\u00e9hicules disponibles dans les casernes et le type de l&rsquo;intervention, choisissez le bon v\u00e9hicule et d\u00e9calez jusqu&rsquo;au lieu indiqu\u00e9 sur la carte.<br>Sur place vous r\u00e9aliserez des actions (pour l&rsquo;intervention) et pourrez \u00eatre amen\u00e9 \u00e0 faire appel \u00e0 des renforts. De retour au centre de secours, selon la difficult\u00e9 de l&rsquo;intervention un nombre de points vous sera accord\u00e9. Montez les \u00e9chelons et les grades, jusqu&rsquo;au plus haut niveau et gagnez le jeu.<\/p>\n\n\n\n<p>Plus de 120 missions sont propos\u00e9es, \u00e0 r\u00e9aliser avec un ou plusieurs v\u00e9hicules. 17 v\u00e9hicules sont disponibles parmi 7 types. L&rsquo;usage du gyrophare et du 2 tons n&rsquo;est pas oubli\u00e9.<\/p>\n\n\n\n<p>Les missions se veulent repr\u00e9sentatives de l&rsquo;activit\u00e9 des sapeurs pompiers, mais aussi instructives. Le joueur est sensibilis\u00e9 aux actes de malveillance ou d&rsquo;inconscience pouvant entra\u00eener des interventions.<\/p>\n\n\n\n<p>Missions 18 a \u00e9t\u00e9 r\u00e9alis\u00e9 en collaboration avec des professionnelles des secours.<br>Une aide tr\u00e8s pr\u00e9cieuse a \u00e9t\u00e9 apport\u00e9 par le Service D\u00e9partementale d&rsquo;Incendie et de Secours de l&rsquo;Essonne avec de tr\u00e8s nombreux conseils techniques.<\/p>\n\n\n\n<p>Missions 18 est jeu unique, aussi ludique, qu&rsquo;instructif, que r\u00e9aliste.<\/p>\n\n\n\n<h2 class=\"wp-block-heading\">Les v\u00e9hicules classiques<\/h2>\n\n\n\n<figure class=\"wp-block-table\"><table><tbody><tr><td class=\"has-text-align-center\" data-align=\"center\"><img loading=\"lazy\" decoding=\"async\" width=\"150\" height=\"80\" class=\"wp-image-108\" style=\"width: 150px;\" src=\"http:\/\/www.missionssecours.com\/wp-content\/uploads\/2022\/11\/VL.png\" alt=\"\"><br>VL<\/td><td class=\"has-text-align-center\" data-align=\"center\"><img loading=\"lazy\" decoding=\"async\" width=\"150\" height=\"83\" class=\"wp-image-107\" style=\"width: 150px;\" src=\"http:\/\/www.missionssecours.com\/wp-content\/uploads\/2022\/11\/VTU_2.png\" alt=\"\"><br>VTU<\/td><td class=\"has-text-align-center\" data-align=\"center\"><img loading=\"lazy\" decoding=\"async\" width=\"150\" height=\"77\" class=\"wp-image-106\" style=\"width: 150px;\" src=\"http:\/\/www.missionssecours.com\/wp-content\/uploads\/2022\/11\/VSAV_2.png\" alt=\"\"><br>VSAV<\/td><td class=\"has-text-align-center\" data-align=\"center\"><img loading=\"lazy\" decoding=\"async\" width=\"150\" height=\"66\" class=\"wp-image-105\" style=\"width: 150px;\" src=\"http:\/\/www.missionssecours.com\/wp-content\/uploads\/2022\/11\/FPT_2.png\" alt=\"\"><br>FPT<\/td><\/tr><tr><td class=\"has-text-align-center\" data-align=\"center\"><img loading=\"lazy\" decoding=\"async\" width=\"150\" height=\"74\" class=\"wp-image-104\" style=\"width: 150px;\" src=\"http:\/\/www.missionssecours.com\/wp-content\/uploads\/2022\/11\/VSR.png\" alt=\"\"><br>VSR<\/td><td class=\"has-text-align-center\" data-align=\"center\"><img loading=\"lazy\" decoding=\"async\" width=\"150\" height=\"59\" class=\"wp-image-103\" style=\"width: 150px;\" src=\"http:\/\/www.missionssecours.com\/wp-content\/uploads\/2022\/11\/EPA.png\" alt=\"\"><br>EPA<\/td><td class=\"has-text-align-center\" data-align=\"center\"><img loading=\"lazy\" decoding=\"async\" width=\"150\" height=\"74\" class=\"wp-image-102\" style=\"width: 150px;\" src=\"http:\/\/www.missionssecours.com\/wp-content\/uploads\/2022\/11\/CCF.png\" alt=\"\"><br>CCF<\/td><td class=\"has-text-align-center\" data-align=\"center\"><img loading=\"lazy\" decoding=\"async\" width=\"150\" height=\"50\" class=\"wp-image-101\" style=\"width: 150px;\" src=\"http:\/\/www.missionssecours.com\/wp-content\/uploads\/2022\/11\/DRAGON.png\" alt=\"\"><br>DRAGON<\/td><\/tr><\/tbody><\/table><\/figure>\n\n\n\n<p>\u00ab\u00a0Missions 18 : Equipes Sp\u00e9cialis\u00e9es\u00a0\u00bb est aussi bien une extension pour \u00ab\u00a0Missions 18\u00a0\u00bb qu&rsquo;un jeu \u00e0 part enti\u00e8re.<\/p>\n\n\n\n<p>Le jeu seul :<br>Il est jouable de 2 \u00e0 4 joueurs<\/p>\n\n\n\n<figure class=\"wp-block-image size-full\"><img loading=\"lazy\" decoding=\"async\" width=\"914\" height=\"145\" src=\"http:\/\/www.missionssecours.com\/wp-content\/uploads\/2022\/12\/logo_spe_02b.png\" alt=\"\" class=\"wp-image-253\" srcset=\"https:\/\/www.missionssecours.com\/wp-content\/uploads\/2022\/12\/logo_spe_02b.png 914w, https:\/\/www.missionssecours.com\/wp-content\/uploads\/2022\/12\/logo_spe_02b-600x95.png 600w, https:\/\/www.missionssecours.com\/wp-content\/uploads\/2022\/12\/logo_spe_02b-300x48.png 300w, https:\/\/www.missionssecours.com\/wp-content\/uploads\/2022\/12\/logo_spe_02b-768x122.png 768w\" sizes=\"auto, (max-width: 914px) 100vw, 914px\" \/><\/figure>\n\n\n\n<p><br>M18 + M18ES permettent de jouer de 2 \u00e0 5 joueurs.<\/p>\n\n\n\n<p>\u00ab\u00a0Missions 18 : Equipes Sp\u00e9cialis\u00e9es\u00a0\u00bb &#8211; les nouveaut\u00e9s :<\/p>\n\n\n\n<h2 class=\"wp-block-heading\">Les sp\u00e9cialit\u00e9s<\/h2>\n\n\n\n<p>Le jeu met en avant les diff\u00e9rentes sp\u00e9cialit\u00e9s des sapeurs-pompiers appel\u00e9 GOS (Groupe Op\u00e9rationnel Sp\u00e9cialis\u00e9)<\/p>\n\n\n\n<ul class=\"wp-block-list\">\n<li>VCH : V\u00e9hicule CHimique<\/li>\n\n\n\n<li>GRIMP : Groupe de Reconnaissance et d&rsquo;Intervention en Milieu P\u00e9rilleux<\/li>\n\n\n\n<li>VPL : V\u00e9hicule PLongeur<\/li>\n\n\n\n<li>VMA : V\u00e9hicule Mousse A\u00e9ronautique<\/li>\n\n\n\n<li>ABE : Avion Bombardier d&rsquo;Eau<\/li>\n\n\n\n<li>HBE : H\u00e9licopt\u00e8re Bombardier d&rsquo;Eau<\/li>\n\n\n\n<li>BP : Bateau Pompe<\/li>\n<\/ul>\n\n\n\n<h2 class=\"wp-block-heading\">Les unit\u00e9s des GOS<\/h2>\n\n\n\n<p>Les nouvelles unit\u00e9s :<\/p>\n\n\n\n<div class=\"wp-block-columns is-layout-flex wp-container-core-columns-is-layout-9d6595d7 wp-block-columns-is-layout-flex\">\n<div class=\"wp-block-column is-layout-flow wp-block-column-is-layout-flow\">\n<figure class=\"wp-block-image size-full\"><img loading=\"lazy\" decoding=\"async\" width=\"200\" height=\"65\" src=\"http:\/\/www.missionssecours.com\/wp-content\/uploads\/2022\/12\/VIM.png\" alt=\"\" class=\"wp-image-245\"\/><\/figure>\n<\/div>\n\n\n\n<div class=\"wp-block-column is-layout-flow wp-block-column-is-layout-flow\">\n<figure class=\"wp-block-image size-full\"><img loading=\"lazy\" decoding=\"async\" width=\"200\" height=\"88\" src=\"http:\/\/www.missionssecours.com\/wp-content\/uploads\/2022\/12\/FPTSR.png\" alt=\"\" class=\"wp-image-246\"\/><\/figure>\n<\/div>\n\n\n\n<div class=\"wp-block-column is-layout-flow wp-block-column-is-layout-flow\">\n<figure class=\"wp-block-image size-full\"><img loading=\"lazy\" decoding=\"async\" width=\"200\" height=\"96\" src=\"http:\/\/www.missionssecours.com\/wp-content\/uploads\/2022\/12\/VPL.png\" alt=\"\" class=\"wp-image-248\"\/><\/figure>\n<\/div>\n\n\n\n<div class=\"wp-block-column is-layout-flow wp-block-column-is-layout-flow\">\n<figure class=\"wp-block-image size-full\"><img loading=\"lazy\" decoding=\"async\" width=\"200\" height=\"96\" src=\"http:\/\/www.missionssecours.com\/wp-content\/uploads\/2022\/12\/VCYNO2.png\" alt=\"\" class=\"wp-image-247\"\/><\/figure>\n<\/div>\n<\/div>\n\n\n\n<div class=\"wp-block-columns is-layout-flex wp-container-core-columns-is-layout-9d6595d7 wp-block-columns-is-layout-flex\">\n<div class=\"wp-block-column is-layout-flow wp-block-column-is-layout-flow\">\n<figure class=\"wp-block-image size-full\"><img loading=\"lazy\" decoding=\"async\" width=\"200\" height=\"94\" src=\"http:\/\/www.missionssecours.com\/wp-content\/uploads\/2022\/12\/VRAD.png\" alt=\"\" class=\"wp-image-249\"\/><\/figure>\n<\/div>\n\n\n\n<div class=\"wp-block-column is-layout-flow wp-block-column-is-layout-flow\">\n<figure class=\"wp-block-image size-full\"><img loading=\"lazy\" decoding=\"async\" width=\"200\" height=\"94\" src=\"http:\/\/www.missionssecours.com\/wp-content\/uploads\/2022\/12\/VCHIM.png\" alt=\"\" class=\"wp-image-250\"\/><\/figure>\n<\/div>\n\n\n\n<div class=\"wp-block-column is-layout-flow wp-block-column-is-layout-flow\">\n<figure class=\"wp-block-image size-full\"><img loading=\"lazy\" decoding=\"async\" width=\"200\" height=\"88\" src=\"http:\/\/www.missionssecours.com\/wp-content\/uploads\/2022\/12\/GRIMP.png\" alt=\"\" class=\"wp-image-251\"\/><\/figure>\n<\/div>\n<\/div>\n\n\n\n<p>La police ne couvre pas le secteur de l&rsquo;extension, c&rsquo;est la gendarmerie qui s&rsquo;en charge (sous r\u00e9serve d&rsquo;autorisation).<\/p>\n\n\n\n<p>Un service technique vient aider les pompiers : Des techniciens, qui seront charger de couper gaz et \u00e9lectricit\u00e9<\/p>\n\n\n\n<p>Nouvelles zones d&rsquo;intervention :<\/p>\n\n\n\n<ul class=\"wp-block-list\">\n<li>A\u00e9roport<\/li>\n\n\n\n<li>Plage<\/li>\n\n\n\n<li>Mer<\/li>\n\n\n\n<li>Port<\/li>\n\n\n\n<li>Montagne<\/li>\n\n\n\n<li>foret<\/li>\n<\/ul>\n\n\n\n<p>Et toujours :<\/p>\n\n\n\n<ul class=\"wp-block-list\">\n<li>VSAV<\/li>\n\n\n\n<li>FTP<\/li>\n\n\n\n<li>VSR<\/li>\n<\/ul>\n","protected":false},"excerpt":{"rendered":"<p>Missions 18 : Equipes Sp\u00e9cialis\u00e9es est un jeux de plateau consacr\u00e9e aux secours Description Joueurs : 2 \u00e0 4Age : 10 \u00e0 99+Th\u00e8me : pompierGenre : jeu de plateau Le&hellip; <\/p>\n","protected":false},"author":2,"featured_media":0,"parent":0,"menu_order":0,"comment_status":"closed","ping_status":"closed","template":"","meta":{"_sitemap_exclude":false,"_sitemap_priority":"","_sitemap_frequency":"","footnotes":""},"class_list":["post-255","page","type-page","status-publish","hentry"],"_links":{"self":[{"href":"https:\/\/www.missionssecours.com\/index.php?rest_route=\/wp\/v2\/pages\/255","targetHints":{"allow":["GET"]}}],"collection":[{"href":"https:\/\/www.missionssecours.com\/index.php?rest_route=\/wp\/v2\/pages"}],"about":[{"href":"https:\/\/www.missionssecours.com\/index.php?rest_route=\/wp\/v2\/types\/page"}],"author":[{"embeddable":true,"href":"https:\/\/www.missionssecours.com\/index.php?rest_route=\/wp\/v2\/users\/2"}],"replies":[{"embeddable":true,"href":"https:\/\/www.missionssecours.com\/index.php?rest_route=%2Fwp%2Fv2%2Fcomments&post=255"}],"version-history":[{"count":2,"href":"https:\/\/www.missionssecours.com\/index.php?rest_route=\/wp\/v2\/pages\/255\/revisions"}],"predecessor-version":[{"id":706,"href":"https:\/\/www.missionssecours.com\/index.php?rest_route=\/wp\/v2\/pages\/255\/revisions\/706"}],"wp:attachment":[{"href":"https:\/\/www.missionssecours.com\/index.php?rest_route=%2Fwp%2Fv2%2Fmedia&parent=255"}],"curies":[{"name":"wp","href":"https:\/\/api.w.org\/{rel}","templated":true}]}}