{"id":241,"date":"2022-12-03T20:39:16","date_gmt":"2022-12-03T19:39:16","guid":{"rendered":"https:\/\/noscollections.ddns.net\/missionssecours\/?page_id=241"},"modified":"2022-12-03T20:39:16","modified_gmt":"2022-12-03T19:39:16","slug":"bourse-2011","status":"publish","type":"page","link":"https:\/\/www.missionssecours.com\/?page_id=241","title":{"rendered":"Bourse 2011"},"content":{"rendered":"<div class=\"wp-block-image\">\n<figure class=\"alignright size-full\"><img loading=\"lazy\" decoding=\"async\" width=\"250\" height=\"350\" src=\"http:\/\/www.missionssecours.com\/wp-content\/uploads\/2022\/12\/brunoy-2011.jpg\" alt=\"\" class=\"wp-image-242\" srcset=\"https:\/\/www.missionssecours.com\/wp-content\/uploads\/2022\/12\/brunoy-2011.jpg 250w, https:\/\/www.missionssecours.com\/wp-content\/uploads\/2022\/12\/brunoy-2011-214x300.jpg 214w\" sizes=\"auto, (max-width: 250px) 100vw, 250px\" \/><\/figure>\n<\/div>\n\n\n<p>Missions 112 \u00e9tait pr\u00e9sent \u00e0 la bourse d&rsquo;\u00e9changes du centre de secours du Val d&rsquo;Yerres, pour y proposer un espace de d\u00e9tente ludique.<\/p>\n\n\n\n<p>Rendez-vous Dimanche 23 Octobre 2011 pour d\u00e9couvrir de nombreux objets sur le th\u00e8me des pompiers.Centre de secours du Val d&rsquo;Yerres2 avenue du 8 mai 194591800 EPINAY SOUS SENART<br>de 9h \u00e0 16h<\/p>\n","protected":false},"excerpt":{"rendered":"<p>Missions 112 \u00e9tait pr\u00e9sent \u00e0 la bourse d&rsquo;\u00e9changes du centre de secours du Val d&rsquo;Yerres, pour y proposer un espace de d\u00e9tente ludique. Rendez-vous Dimanche 23 Octobre 2011 pour d\u00e9couvrir&hellip; <\/p>\n","protected":false},"author":2,"featured_media":0,"parent":0,"menu_order":0,"comment_status":"closed","ping_status":"closed","template":"","meta":{"_sitemap_exclude":false,"_sitemap_priority":"","_sitemap_frequency":"","footnotes":""},"class_list":["post-241","page","type-page","status-publish","hentry"],"_links":{"self":[{"href":"https:\/\/www.missionssecours.com\/index.php?rest_route=\/wp\/v2\/pages\/241","targetHints":{"allow":["GET"]}}],"collection":[{"href":"https:\/\/www.missionssecours.com\/index.php?rest_route=\/wp\/v2\/pages"}],"about":[{"href":"https:\/\/www.missionssecours.com\/index.php?rest_route=\/wp\/v2\/types\/page"}],"author":[{"embeddable":true,"href":"https:\/\/www.missionssecours.com\/index.php?rest_route=\/wp\/v2\/users\/2"}],"replies":[{"embeddable":true,"href":"https:\/\/www.missionssecours.com\/index.php?rest_route=%2Fwp%2Fv2%2Fcomments&post=241"}],"version-history":[{"count":0,"href":"https:\/\/www.missionssecours.com\/index.php?rest_route=\/wp\/v2\/pages\/241\/revisions"}],"wp:attachment":[{"href":"https:\/\/www.missionssecours.com\/index.php?rest_route=%2Fwp%2Fv2%2Fmedia&parent=241"}],"curies":[{"name":"wp","href":"https:\/\/api.w.org\/{rel}","templated":true}]}}