{"id":174,"date":"2022-12-02T22:09:25","date_gmt":"2022-12-02T21:09:25","guid":{"rendered":"https:\/\/noscollections.ddns.net\/missionssecours\/?page_id=174"},"modified":"2022-12-02T22:09:25","modified_gmt":"2022-12-02T21:09:25","slug":"on-en-parle","status":"publish","type":"page","link":"https:\/\/www.missionssecours.com\/?page_id=174","title":{"rendered":"On en parle"},"content":{"rendered":"\n\n<div class=\"wp-block-image\">\n<figure class=\"alignleft size-full is-resized\"><img loading=\"lazy\" decoding=\"async\" src=\"http:\/\/www.missionssecours.com\/wp-content\/uploads\/2022\/12\/Newspaper.png\" alt=\"\" class=\"wp-image-285\" width=\"198\" height=\"115\" srcset=\"https:\/\/www.missionssecours.com\/wp-content\/uploads\/2022\/12\/Newspaper.png 600w, https:\/\/www.missionssecours.com\/wp-content\/uploads\/2022\/12\/Newspaper-300x174.png 300w\" sizes=\"auto, (max-width: 198px) 100vw, 198px\" \/><\/figure>\n<\/div>\n\n\n<h1 class=\"wp-block-heading\"><strong>La presse \u00e9crite<\/strong><\/h1>\n\n\n\n<h2 class=\"wp-block-heading\">Le Parisien<\/h2>\n\n\n\n<p>Article dans&nbsp;<strong>Le Parisien<\/strong>&nbsp;du 20 juin 2011 \u00e9dition de l&rsquo;Essonne.<\/p>\n\n\n\n<figure class=\"wp-block-image size-large is-resized\"><img loading=\"lazy\" decoding=\"async\" src=\"http:\/\/www.missionssecours.com\/wp-content\/uploads\/2023\/04\/le-parisien_01-506x1024.png\" alt=\"\" class=\"wp-image-441\" width=\"306\" height=\"619\" srcset=\"https:\/\/www.missionssecours.com\/wp-content\/uploads\/2023\/04\/le-parisien_01-506x1024.png 506w, https:\/\/www.missionssecours.com\/wp-content\/uploads\/2023\/04\/le-parisien_01-600x1214.png 600w, https:\/\/www.missionssecours.com\/wp-content\/uploads\/2023\/04\/le-parisien_01-148x300.png 148w, https:\/\/www.missionssecours.com\/wp-content\/uploads\/2023\/04\/le-parisien_01-768x1554.png 768w, https:\/\/www.missionssecours.com\/wp-content\/uploads\/2023\/04\/le-parisien_01-759x1536.png 759w, https:\/\/www.missionssecours.com\/wp-content\/uploads\/2023\/04\/le-parisien_01-1012x2048.png 1012w, https:\/\/www.missionssecours.com\/wp-content\/uploads\/2023\/04\/le-parisien_01.png 1430w\" sizes=\"auto, (max-width: 306px) 100vw, 306px\" \/><\/figure>\n\n\n\n<h2 class=\"wp-block-heading\">Le R\u00e9publicain<\/h2>\n\n\n\n<p>Article dans\u00a0<strong>Le R\u00e9publicain<\/strong>\u00a0du 23 juin 2011<\/p>\n\n\n\n<h2 class=\"wp-block-heading\">Ouest France<\/h2>\n\n\n\n<p>Article dans\u00a0<strong>Le Ouest France<\/strong>\u00a0du 23 juin 2020<\/p>\n\n\n\n<figure class=\"wp-block-image size-large is-resized\"><img loading=\"lazy\" decoding=\"async\" src=\"http:\/\/www.missionssecours.com\/wp-content\/uploads\/2023\/04\/oues_-france_M196-928x1024.png\" alt=\"\" class=\"wp-image-437\" width=\"250\" height=\"275\" srcset=\"https:\/\/www.missionssecours.com\/wp-content\/uploads\/2023\/04\/oues_-france_M196-928x1024.png 928w, https:\/\/www.missionssecours.com\/wp-content\/uploads\/2023\/04\/oues_-france_M196-600x662.png 600w, https:\/\/www.missionssecours.com\/wp-content\/uploads\/2023\/04\/oues_-france_M196-272x300.png 272w, https:\/\/www.missionssecours.com\/wp-content\/uploads\/2023\/04\/oues_-france_M196-768x847.png 768w, https:\/\/www.missionssecours.com\/wp-content\/uploads\/2023\/04\/oues_-france_M196-1392x1536.png 1392w, https:\/\/www.missionssecours.com\/wp-content\/uploads\/2023\/04\/oues_-france_M196.png 1664w\" sizes=\"auto, (max-width: 250px) 100vw, 250px\" \/><\/figure>\n\n\n\n<h2 class=\"wp-block-heading\">Le T\u00e9l\u00e9gramme<\/h2>\n\n\n\n<figure class=\"wp-block-image size-large is-resized\"><img loading=\"lazy\" decoding=\"async\" src=\"http:\/\/www.missionssecours.com\/wp-content\/uploads\/2023\/04\/telegramme_M196-446x1024.png\" alt=\"\" class=\"wp-image-440\" width=\"253\" height=\"581\" srcset=\"https:\/\/www.missionssecours.com\/wp-content\/uploads\/2023\/04\/telegramme_M196-446x1024.png 446w, https:\/\/www.missionssecours.com\/wp-content\/uploads\/2023\/04\/telegramme_M196-600x1377.png 600w, https:\/\/www.missionssecours.com\/wp-content\/uploads\/2023\/04\/telegramme_M196-131x300.png 131w, https:\/\/www.missionssecours.com\/wp-content\/uploads\/2023\/04\/telegramme_M196-768x1762.png 768w, https:\/\/www.missionssecours.com\/wp-content\/uploads\/2023\/04\/telegramme_M196-669x1536.png 669w, https:\/\/www.missionssecours.com\/wp-content\/uploads\/2023\/04\/telegramme_M196-893x2048.png 893w, https:\/\/www.missionssecours.com\/wp-content\/uploads\/2023\/04\/telegramme_M196.png 1410w\" sizes=\"auto, (max-width: 253px) 100vw, 253px\" \/><\/figure>\n\n\n\n<p>fgh<\/p>\n\n\n\n<hr class=\"wp-block-separator has-alpha-channel-opacity\"\/>\n\n\n\n<h1 class=\"wp-block-heading\"><strong>Sites Internet et r\u00e9seaux Sociaux<\/strong><\/h1>\n\n\n\n<h2 class=\"wp-block-heading\">Actualit\u00e9s Maritime<\/h2>\n\n\n\n<p>Le 28 juin 2020<\/p>\n\n\n\n<figure class=\"wp-block-image size-large is-resized\"><img loading=\"lazy\" decoding=\"async\" src=\"http:\/\/www.missionssecours.com\/wp-content\/uploads\/2023\/04\/actues_marine_M196-553x1024.png\" alt=\"\" class=\"wp-image-442\" width=\"299\" height=\"554\" srcset=\"https:\/\/www.missionssecours.com\/wp-content\/uploads\/2023\/04\/actues_marine_M196-553x1024.png 553w, https:\/\/www.missionssecours.com\/wp-content\/uploads\/2023\/04\/actues_marine_M196-600x1112.png 600w, https:\/\/www.missionssecours.com\/wp-content\/uploads\/2023\/04\/actues_marine_M196-162x300.png 162w, https:\/\/www.missionssecours.com\/wp-content\/uploads\/2023\/04\/actues_marine_M196-768x1423.png 768w, https:\/\/www.missionssecours.com\/wp-content\/uploads\/2023\/04\/actues_marine_M196-829x1536.png 829w, https:\/\/www.missionssecours.com\/wp-content\/uploads\/2023\/04\/actues_marine_M196-1105x2048.png 1105w, https:\/\/www.missionssecours.com\/wp-content\/uploads\/2023\/04\/actues_marine_M196.png 1920w\" sizes=\"auto, (max-width: 299px) 100vw, 299px\" \/><\/figure>\n\n\n\n<h2 class=\"wp-block-heading\">Tweeter<\/h2>\n\n\n\n<p>L\u00e9o le sauveteur de la SNSM<\/p>\n\n\n\n<figure class=\"wp-block-image size-large is-resized\"><img loading=\"lazy\" decoding=\"async\" src=\"http:\/\/www.missionssecours.com\/wp-content\/uploads\/2023\/04\/tweeter_M196-1024x907.png\" alt=\"\" class=\"wp-image-436\" width=\"452\" height=\"400\" srcset=\"https:\/\/www.missionssecours.com\/wp-content\/uploads\/2023\/04\/tweeter_M196-1024x907.png 1024w, https:\/\/www.missionssecours.com\/wp-content\/uploads\/2023\/04\/tweeter_M196-600x531.png 600w, https:\/\/www.missionssecours.com\/wp-content\/uploads\/2023\/04\/tweeter_M196-300x266.png 300w, https:\/\/www.missionssecours.com\/wp-content\/uploads\/2023\/04\/tweeter_M196-768x680.png 768w, https:\/\/www.missionssecours.com\/wp-content\/uploads\/2023\/04\/tweeter_M196.png 1103w\" sizes=\"auto, (max-width: 452px) 100vw, 452px\" \/><\/figure>\n\n\n\n<hr class=\"wp-block-separator has-alpha-channel-opacity\"\/>\n\n\n<div class=\"wp-block-image\">\n<figure class=\"alignleft size-full\"><img loading=\"lazy\" decoding=\"async\" width=\"200\" height=\"150\" src=\"http:\/\/www.missionssecours.com\/wp-content\/uploads\/2022\/12\/comuunication.jpg\" alt=\"\" class=\"wp-image-284\" srcset=\"https:\/\/www.missionssecours.com\/wp-content\/uploads\/2022\/12\/comuunication.jpg 200w, https:\/\/www.missionssecours.com\/wp-content\/uploads\/2022\/12\/comuunication-136x102.jpg 136w\" sizes=\"auto, (max-width: 200px) 100vw, 200px\" \/><\/figure>\n<\/div>\n\n\n<h1 class=\"wp-block-heading\"><strong>La t\u00e9l\u00e9vision<\/strong><\/h1>\n\n\n\n<p>Emission&nbsp;<strong>\u00ab\u00a0On a des choses \u00e0 vous dire!\u00a0\u00bb<\/strong>&nbsp;sur&nbsp;<strong>T\u00e9l\u00e9ssonne<\/strong>&nbsp;le 29 juin 2011.<\/p>\n\n\n\n<figure class=\"wp-block-embed is-type-video is-provider-youtube wp-block-embed-youtube wp-embed-aspect-16-9 wp-has-aspect-ratio\"><div class=\"wp-block-embed__wrapper\">\n<iframe loading=\"lazy\" title=\"Missions 112\" width=\"1110\" height=\"624\" src=\"https:\/\/www.youtube.com\/embed\/g79KvzVZtcM?feature=oembed\" frameborder=\"0\" allow=\"accelerometer; autoplay; clipboard-write; encrypted-media; gyroscope; picture-in-picture; web-share\" allowfullscreen><\/iframe>\n<\/div><\/figure>\n\n\n\n<p>La fiche sur&nbsp;<strong>Tric Trac<\/strong><\/p>\n\n\n\n<p><a href=\"http:\/\/www.trictrac.net\/index.php3?id=jeux&amp;rub=ludotheque&amp;inf=cat&amp;image2.x=17&amp;image2.y=1&amp;choix=pompier\" target=\"_blank\" rel=\"noreferrer noopener\">http:\/\/www.trictrac.net\/index.php3?id=jeux&amp;rub=ludotheque&amp;inf=cat&amp;image2.x=17&amp;image2.y=1&amp;choix=pompier<\/a><\/p>\n\n\n\n<p>La page&nbsp;<strong>Facebook<\/strong><a href=\"http:\/\/www.facebook.com\/pages\/Missions-112-jeu-de-societe-pompiers-et-secours\/100619796659742?ref=ts\" target=\"_blank\" rel=\"noreferrer noopener\">http:\/\/www.facebook.com\/pages\/Missions-112-jeu-de-societe-pompiers-et-secours\/100619796659742?ref=ts<\/a><\/p>\n","protected":false},"excerpt":{"rendered":"<p>La presse \u00e9crite Le Parisien Article dans&nbsp;Le Parisien&nbsp;du 20 juin 2011 \u00e9dition de l&rsquo;Essonne. Le R\u00e9publicain Article dans\u00a0Le R\u00e9publicain\u00a0du 23 juin 2011 Ouest France Article dans\u00a0Le Ouest France\u00a0du 23 juin&hellip; <\/p>\n","protected":false},"author":2,"featured_media":0,"parent":0,"menu_order":0,"comment_status":"closed","ping_status":"closed","template":"","meta":{"_sitemap_exclude":false,"_sitemap_priority":"","_sitemap_frequency":"","footnotes":""},"class_list":["post-174","page","type-page","status-publish","hentry"],"_links":{"self":[{"href":"https:\/\/www.missionssecours.com\/index.php?rest_route=\/wp\/v2\/pages\/174","targetHints":{"allow":["GET"]}}],"collection":[{"href":"https:\/\/www.missionssecours.com\/index.php?rest_route=\/wp\/v2\/pages"}],"about":[{"href":"https:\/\/www.missionssecours.com\/index.php?rest_route=\/wp\/v2\/types\/page"}],"author":[{"embeddable":true,"href":"https:\/\/www.missionssecours.com\/index.php?rest_route=\/wp\/v2\/users\/2"}],"replies":[{"embeddable":true,"href":"https:\/\/www.missionssecours.com\/index.php?rest_route=%2Fwp%2Fv2%2Fcomments&post=174"}],"version-history":[{"count":0,"href":"https:\/\/www.missionssecours.com\/index.php?rest_route=\/wp\/v2\/pages\/174\/revisions"}],"wp:attachment":[{"href":"https:\/\/www.missionssecours.com\/index.php?rest_route=%2Fwp%2Fv2%2Fmedia&parent=174"}],"curies":[{"name":"wp","href":"https:\/\/api.w.org\/{rel}","templated":true}]}}